{"id":704,"date":"2016-06-22T15:11:11","date_gmt":"2016-06-22T19:11:11","guid":{"rendered":"https:\/\/terracam.ca\/en\/?page_id=704"},"modified":"2016-09-26T14:47:03","modified_gmt":"2016-09-26T18:47:03","slug":"adaptation-vehicules","status":"publish","type":"page","link":"https:\/\/terracam.ca\/en\/adaptation-vehicules\/","title":{"rendered":"Transformation"},"content":{"rendered":"<h2>Adaptation of vehicles from our specialists<\/h2>\n<p>For its customers around the world, TERRACAM is able to obtain a vast choice of high-quality heavy vehicles \u2013 new, remanufactured, or used \u2013 to match every need and vocation.<\/p>\n<p>Each vehicle put on the market has received <strong>a meticulous mechanical inspection<\/strong> and remanufacturing when necessary, to comply with our high quality standards. When required, the vehicle will benefit from functional transformation from our specialists before it is delivered, in order to <strong>meet your specific needs<\/strong> for your commercial activities.<\/p>\n<p>Our team of specialized mechanics takes charge of adopting the vehicles chosen by our customers for the equipment that will be installed on them. Thanks to their <strong>top-notch expertise in welding, hydraulics, and mechanics<\/strong>, matched with their vast experience in this type of project, they offer extraordinary efficiency and precision, for guaranteed results.<\/p>\n<p>\t\t\t\t<img data-recalc-dims=\"1\" decoding=\"async\" src=\"https:\/\/i0.wp.com\/terracam.ca\/wp-content\/uploads\/Capture1-3.jpg?quality=89&#038;ssl=1\" alt=\"capture1\" itemprop=\"image\"  \/><\/p>\n<h2>Rendement, fiabilit\u00e9 et s\u00e9curit\u00e9<\/h2>\n<p>When it comes to chassis modification, a <strong>change of body<\/strong>, or the <strong>installation or addition of any type of equipment<\/strong>, nothing stops the TERRACAM team. Every transformation project, as complex as it may be, is seen as an exciting challenge and a rewarding accomplishment.<\/p>\n<p>&nbsp;<\/p>\n<p>The vehicles sold by TERRACAM offer very good profitability, a high level of reliability and safety, and <strong>an excellent return on investment<\/strong>.<\/p>\n<p>\t\t\t\t<img data-recalc-dims=\"1\" decoding=\"async\" src=\"https:\/\/i0.wp.com\/terracam.ca\/wp-content\/uploads\/Capture-2.jpg?quality=89&#038;ssl=1\" alt=\"capture\" itemprop=\"image\"  \/><br \/>\n\t\t\t\t<img data-recalc-dims=\"1\" decoding=\"async\" src=\"https:\/\/i0.wp.com\/terracam.ca\/wp-content\/uploads\/Capture6.jpg?quality=89&#038;ssl=1\" alt=\"capture6\" itemprop=\"image\"  \/><br \/>\n\t\t\t\t<img data-recalc-dims=\"1\" decoding=\"async\" src=\"https:\/\/i0.wp.com\/terracam.ca\/wp-content\/uploads\/Capture7.jpg?quality=89&#038;ssl=1\" alt=\"capture7\" itemprop=\"image\"  \/><br \/>\n\t\t\t\t<img data-recalc-dims=\"1\" decoding=\"async\" src=\"https:\/\/i0.wp.com\/terracam.ca\/wp-content\/uploads\/Capture8.jpg?quality=89&#038;ssl=1\" alt=\"capture8\" itemprop=\"image\"  \/><\/p>\n","protected":false},"excerpt":{"rendered":"<p>Adaptation of vehicles from our specialists For its customers around the world, TERRACAM is able to obtain a vast choice of high-quality heavy vehicles \u2013 new, remanufactured, or used \u2013 to match every need and vocation. Each vehicle put on the market has received a meticulous mechanical inspection and remanufacturing when necessary, to comply with&hellip;<\/p>\n","protected":false},"author":1,"featured_media":0,"parent":0,"menu_order":0,"comment_status":"closed","ping_status":"closed","template":"","meta":{"advanced_seo_description":"","jetpack_seo_html_title":"","jetpack_seo_noindex":false,"footnotes":""},"class_list":["post-704","page","type-page","status-publish","hentry"],"jetpack_sharing_enabled":true,"_links":{"self":[{"href":"https:\/\/terracam.ca\/en\/wp-json\/wp\/v2\/pages\/704","targetHints":{"allow":["GET"]}}],"collection":[{"href":"https:\/\/terracam.ca\/en\/wp-json\/wp\/v2\/pages"}],"about":[{"href":"https:\/\/terracam.ca\/en\/wp-json\/wp\/v2\/types\/page"}],"author":[{"embeddable":true,"href":"https:\/\/terracam.ca\/en\/wp-json\/wp\/v2\/users\/1"}],"replies":[{"embeddable":true,"href":"https:\/\/terracam.ca\/en\/wp-json\/wp\/v2\/comments?post=704"}],"version-history":[{"count":6,"href":"https:\/\/terracam.ca\/en\/wp-json\/wp\/v2\/pages\/704\/revisions"}],"predecessor-version":[{"id":1224,"href":"https:\/\/terracam.ca\/en\/wp-json\/wp\/v2\/pages\/704\/revisions\/1224"}],"wp:attachment":[{"href":"https:\/\/terracam.ca\/en\/wp-json\/wp\/v2\/media?parent=704"}],"curies":[{"name":"wp","href":"https:\/\/api.w.org\/{rel}","templated":true}]}}