{"id":399,"date":"2016-05-31T15:15:06","date_gmt":"2016-05-31T14:15:06","guid":{"rendered":"https:\/\/terracam.ca\/accueil\/?lang=es"},"modified":"2024-03-22T12:35:14","modified_gmt":"2024-03-22T16:35:14","slug":"accueil","status":"publish","type":"page","link":"https:\/\/terracam.ca\/es\/","title":{"rendered":"Inicio"},"content":{"rendered":"\n\n\t\n\t<h1><strong>TERRACAM: Veh\u00edculos pesados, piezas y componentes reacondicionados<\/strong><\/h1>\n\t<h2>La fuerza de un grupo de expertos<\/h2>\n\t<p>Desde sus inicios en 1995, TERRACAM ha experimentado un crecimiento constante, consolid\u00e1ndose como un referente internacional en el sector de veh\u00edculos pesados, formando parte del prestigioso Groupe LUSSIER. Esta empresa familiar fundada en 1967 figura entre las m\u00e1s grandes organizaciones canadienses especializadas en veh\u00edculos pesados.<\/p>\n\t<h2>Un equipo de especialistas en exportaci\u00f3n<\/h2>\n\t<p>Gracias a nuestro equipo compuesto de cerca de 500 expertos apasionados, ofrecemos una amplia gama de piezas y de veh\u00edculos pesados norteamericanos, as\u00ed como servicios especializados de calidad con el fin de satisfacer las necesidades de la industria del transporte en varios pa\u00edses.<\/p>\n\t\t\t\t\t\t\t\t<a href=\"https:\/\/terracam.ca\/es\/vehiculos-pesados\/\" target=\"_self\" rel=\"noopener\">\n\t\t\t\t\t\t<\/a>\n\t<h2><a href=\"https:\/\/terracam.ca\/es\/vehiculos-pesados\/\" target=\"_self\" rel=\"noopener\">CAMIONES PESADOS<\/a><\/h2><p>Amplia gama de<br \/>veh\u00edculos pesados usados<\/p>\n\t\t\t\t\t\t\t\t<a href=\"https:\/\/terracam.ca\/es\/piezas\/\" target=\"_self\" rel=\"noopener\">\n\t\t\t\t\t\t<\/a>\n\t<h2><a href=\"https:\/\/terracam.ca\/es\/piezas\/\" target=\"_self\" rel=\"noopener\">PIEZAS<\/a><\/h2><p>Abastecimiento eficaz y<br \/>completo de piezas de repuesto<\/p>\n\t\t\t\t\t\t\t\t<a href=\"https:\/\/terracam.ca\/es\/componentes-reacondicionados\/\" target=\"_self\" rel=\"noopener\">\n\t\t\t\t\t\t<\/a>\n\t<h2><a href=\"https:\/\/terracam.ca\/es\/componentes-reacondicionados\/\" target=\"_self\" rel=\"noopener\">REACONDICIONAMIENTO<\/a><\/h2><p>Reacondicionamiento de componentes<br \/>del grupo motopropulsor<\/p>\n\t<h2>En el coraz\u00f3n del ciclo de vida completo de un veh\u00edculo pesado<\/h2>\n\t<p>Nuestros equipos de especialistas est\u00e1n implicados en todas las esferas de actividad vinculadas al mundo de los veh\u00edculos pesados, desde la venta de un veh\u00edculo nuevo hasta su desmantelamiento y su reciclaje al final de su vida \u00fatil.<\/p>\n<p>De esta manera, TERRACAM le puede ofrecer a su clientela una amplia gama de veh\u00edculos nuevos o usados, ya sean camiones pesados, remolques, autobuses tur\u00edsticos, regionales o escolares o maquinaria pesada y equipos de transporte. A ello se suma el apoyo t\u00e9cnico y la venta de piezas nuevas, recicladas o reacondicionadas en nuestros talleres especializados. En definitiva, TERRACAM ofrece una pericia de vanguardia, soluciones completas y un servicio llave en mano sumamente excepcional.<\/p>\n\t<a href=\"https:\/\/terracam.ca\/es\/piezas\/\" role=\"button\">Piezas de repuesto<\/a>\n<a href=\"https:\/\/terracam.ca\/es\/componentes-reacondicionados\/\" role=\"button\">Componentes reacondicionados<\/a>\n\t<h2>Soluciones de transporte durables<\/h2>\n\t<p>Al exportar nuestros veh\u00edculos pesados hacia otros pa\u00edses, nos comprometemos a brindarles a nuestros clientes un abastecimiento eficaz y completo de piezas de repuesto durante decenas de a\u00f1os m\u00e1s.  Y eso sin tener en cuenta el apoyo t\u00e9cnico proporcionado por nuestro grupo de expertos para la mantenci\u00f3n de las flotas de veh\u00edculos as\u00ed como la capacitaci\u00f3n profesional y la orientaci\u00f3n que le ofrecemos al personal local en los pa\u00edses que importan nuestros productos.<\/p>\n\t<h2>NUESTRA PERICIA<\/h2>\n\t\t<h3>COMUN\u00cdQUESE CON UNO DE NUESTROS EXPERTOS<\/h3>\n\t\t<h4>PARA DESCUBRIR NUESTRAS SOLUCIONES DE EXPORTACI\u00d3N Y NUESTRO AMPLIO INVENTARIO<\/h4>\n\t\t\t<a href=\"https:\/\/terracam.ca\/es\/contactenos\/\" target=\"_self\" rel=\"noopener\">\n\t\t\t\t\t\t\tCONT\u00c1CTENOS\n\t\t\t\t\t<\/a>\n\t\t\t\t<img data-recalc-dims=\"1\" loading=\"lazy\" decoding=\"async\" src=\"https:\/\/i0.wp.com\/terracam.ca\/wp-content\/uploads\/peterbilt-rouge.png?resize=400%2C267&#038;quality=80&#038;ssl=1\" alt=\"peterbilt-rouge\" itemprop=\"image\" height=\"267\" width=\"400\" title=\"peterbilt-rouge\" onerror=\"this.style.display='none'\"  \/>\n\t<h2>Camiones nuevos de prestigio<\/h2>\n\t<p>Concesionario franquiciado de la prestigiosa marca Peterbilt, esta divisi\u00f3n de nuestra empresa se distingue por su gama de servicios completos al igual que por la calidad de su servicio posventa.  Con sus cinco puntos de venta en la provincia de Quebec, esta divisi\u00f3n de nuestro grupo le ofrece a su clientela programas completos de apoyo t\u00e9cnico, de capacitaci\u00f3n y de financiamiento.<\/p>\n\t<h2>Veh\u00edculos pesados usados<\/h2>\n\t<p>Con su amplio inventario de veh\u00edculos pesados de todas las marcas y de todos los modelos, TERRACAM le puede ofrecer a su clientela mundial veh\u00edculos pesados usados para satisfacer todas sus necesidades y todas las finalidades que le quiera dar a sus productos.<\/p>\n\t\t\t<a href=\"https:\/\/terracam.ca\/es\/vehiculos-pesados\/\" target=\"_self\" rel=\"noopener\">\n\t\t\t\t\t\t\tMayores detalles sobre nuestros veh\u00edculos pesados\n\t\t\t\t\t<\/a>\n\t<h2>Piezas nuevas, recicladas o reacondicionadas<\/h2>\n\t<p>Gracias a nuestros acuerdos comerciales con numerosos fabricantes de piezas, adem\u00e1s de operar un inmenso patio de reciclaje, disponemos de un inventario impresionante y completo para llevar a cabo la reparaci\u00f3n y la mantenci\u00f3n de todos los pesos pesados. Nuestras amplias bodegas al igual que nuestro recorrido exterior de m\u00e1s de 7 kil\u00f3metros d\u00f3nde abundan las piezas para as\u00ed satisfacer todas las necesidades.<\/p>\n<p>Adem\u00e1s, TERRACAM cuenta con la pericia de un equipo experimentado a cargo del reacondicionamiento de componentes del grupo motopropulsor, lo que le permite ofrecerle a su clientela un amplio inventario de motores, transmisiones, cajas de servodirecci\u00f3n y difirenciales totalmente reacondicionados.<\/p>\n\t<p>COMUN\u00cdQUESE CON NUESTRO EQUIPO DE ESPECIALISTAS<\/p>\n\t<p><a href=\"tel:5555555555\">1 450 922-2404<\/a><\/p>\n\n","protected":false},"excerpt":{"rendered":"<p>TERRACAM: Veh\u00edculos pesados, piezas y componentes reacondicionados La fuerza de un grupo de expertos Desde sus inicios en 1995, TERRACAM ha experimentado un crecimiento constante, consolid\u00e1ndose como un referente internacional en el sector de veh\u00edculos pesados, formando parte del prestigioso Groupe LUSSIER. Esta empresa familiar fundada en 1967 figura entre las m\u00e1s grandes organizaciones canadienses&hellip;<\/p>\n","protected":false},"author":5,"featured_media":0,"parent":0,"menu_order":0,"comment_status":"closed","ping_status":"closed","template":"","meta":{"advanced_seo_description":"","jetpack_seo_html_title":"","jetpack_seo_noindex":false,"footnotes":""},"class_list":["post-399","page","type-page","status-publish","hentry"],"jetpack_sharing_enabled":true,"_links":{"self":[{"href":"https:\/\/terracam.ca\/es\/wp-json\/wp\/v2\/pages\/399","targetHints":{"allow":["GET"]}}],"collection":[{"href":"https:\/\/terracam.ca\/es\/wp-json\/wp\/v2\/pages"}],"about":[{"href":"https:\/\/terracam.ca\/es\/wp-json\/wp\/v2\/types\/page"}],"author":[{"embeddable":true,"href":"https:\/\/terracam.ca\/es\/wp-json\/wp\/v2\/users\/5"}],"replies":[{"embeddable":true,"href":"https:\/\/terracam.ca\/es\/wp-json\/wp\/v2\/comments?post=399"}],"version-history":[{"count":20,"href":"https:\/\/terracam.ca\/es\/wp-json\/wp\/v2\/pages\/399\/revisions"}],"predecessor-version":[{"id":1549,"href":"https:\/\/terracam.ca\/es\/wp-json\/wp\/v2\/pages\/399\/revisions\/1549"}],"wp:attachment":[{"href":"https:\/\/terracam.ca\/es\/wp-json\/wp\/v2\/media?parent=399"}],"curies":[{"name":"wp","href":"https:\/\/api.w.org\/{rel}","templated":true}]}}