{"id":589,"date":"2016-09-09T13:24:59","date_gmt":"2016-09-09T17:24:59","guid":{"rendered":"https:\/\/terracam.ca\/es\/?page_id=589"},"modified":"2016-09-28T18:17:02","modified_gmt":"2016-09-28T22:17:02","slug":"cajas-de-carga-para-camiones","status":"publish","type":"page","link":"https:\/\/terracam.ca\/es\/cajas-de-carga-para-camiones\/","title":{"rendered":"Cajas de carga para camiones"},"content":{"rendered":"<h2>Cajas de carga para todas las vocaciones<\/h2>\n<p>Nuestros especialistas recorren todas las rutas de Norteam\u00e9rica en b\u00fasqueda de las mejores ocasiones.\u00a0 Ellos logran as\u00ed encontrar <strong>una amplia gama de camiones, remolques y equipos especializados<\/strong>.\u00a0 Es de este modo que logramos ofrecerle <strong>los mejores veh\u00edculos pesados usados del mercado<\/strong>.<\/p>\n<p>La pericia \u00fanica de nuestro equipo, su dinamismo, su eficacia, sus conocimientos de la industria de los camiones y nuestras numerosas asociaciones en el mundo del transporte nos permiten <strong>ofrecerles lo mejor que hay<\/strong>.<\/p>\n<p>Nosotros podemos ofrecerle los equipos especializados que le hacen falta ya sea para <strong>obras de construcci\u00f3n<\/strong>, para <strong>obras viales<\/strong>, para <strong>manufacturas<\/strong> o <strong>empresas de todos los sectores de actividad<\/strong>.\u00a0 Nuestros compradores saben encontrar veh\u00edculos y equipos especializados usados para de sostener todos sus proyectos.<\/p>\n<p>Que se trate de camiones gr\u00faas, remolques basculantes, montacargas, barredoras mec\u00e1nicas, barredoras de succi\u00f3n, cami\u00f3n cisterna, palas mec\u00e1nicas, excavadoras, apisonadoras, cami\u00f3n con cesta elevadora, y m\u00e1s a\u00fan.<\/p>\n<p><strong>Comun\u00edquese con uno de nuestros representantes<\/strong> y encontrar\u00e1 seguramente la caja o el equipo especializado que corresponda perfectamente a las necesidades de su empresa.<\/p>\n<p>\t\t\t\t<img data-recalc-dims=\"1\" decoding=\"async\" src=\"https:\/\/i0.wp.com\/terracam.ca\/wp-content\/uploads\/shutterstock_69469738-d.jpg?quality=89&#038;ssl=1\" alt=\"shutterstock_69469738-d\" itemprop=\"image\"  \/><br \/>\n\t\t\t\t<img data-recalc-dims=\"1\" decoding=\"async\" src=\"https:\/\/i0.wp.com\/terracam.ca\/wp-content\/uploads\/shutterstock_69469738-f.jpg?quality=89&#038;ssl=1\" alt=\"shutterstock_69469738-f\" itemprop=\"image\"  \/><br \/>\n\t\t\t\t<img data-recalc-dims=\"1\" decoding=\"async\" src=\"https:\/\/i0.wp.com\/terracam.ca\/wp-content\/uploads\/shutterstock_69469738-g.jpg?quality=89&#038;ssl=1\" alt=\"shutterstock_69469738-g\" itemprop=\"image\"  \/><br \/>\n\t\t\t\t<img data-recalc-dims=\"1\" decoding=\"async\" src=\"https:\/\/i0.wp.com\/terracam.ca\/wp-content\/uploads\/shutterstock_69469738-a.jpg?quality=89&#038;ssl=1\" alt=\"shutterstock_69469738-a\" itemprop=\"image\"  \/><\/p>\n<p>En general, nuestro inventario comprende <strong>cajas y equipos para camiones pesados y camiones medianos<\/strong> de diferentes tipos:<\/p>\n<ul>\n<li>Caja cesta<\/li>\n<li>Caja para desechos<\/li>\n<li>Caja cisterna<\/li>\n<li>Caja cerrada<\/li>\n<li>Caja hormigonera<\/li>\n<li>Caja plataforma<\/li>\n<li>Caja volcadora (<em>dumper<\/em>)<\/li>\n<li>Caja esparcidora<\/li>\n<li>Caja remolque<\/li>\n<li>Caja <em>roll-off<\/em><\/li>\n<li>Caja para el transporte de bebidas<\/li>\n<\/ul>\n<p>\t\t\t\t<img data-recalc-dims=\"1\" height=\"269\" width=\"300\" decoding=\"async\" src=\"https:\/\/i0.wp.com\/terracam.ca\/wp-content\/uploads\/shutterstock_69469738-b.jpg?resize=300%2C269&#038;quality=89&#038;ssl=1\" alt=\"shutterstock_69469738-b\" itemprop=\"image\"  \/><\/p>\n<p>Diversos tipos de equipos para camiones pesados<\/p>\n<ul>\n<li>Gr\u00faas articuladas<\/li>\n<li>Gr\u00faas fijas<\/li>\n<li>Generadores<\/li>\n<li>Compresores<\/li>\n<li>Equipos para la nieve<\/li>\n<li>etc.<\/li>\n<\/ul>\n<p>\t\t\t\t<img data-recalc-dims=\"1\" height=\"182\" width=\"300\" decoding=\"async\" src=\"https:\/\/i0.wp.com\/terracam.ca\/wp-content\/uploads\/Capture5-1.jpg?resize=300%2C182&#038;quality=89&#038;ssl=1\" alt=\"capture5\" itemprop=\"image\"  \/><br \/>\n\t\t\t\t<img data-recalc-dims=\"1\" decoding=\"async\" src=\"https:\/\/i0.wp.com\/terracam.ca\/wp-content\/uploads\/Capture1-1.jpg?quality=89&#038;ssl=1\" alt=\"capture1\" itemprop=\"image\"  \/><\/p>\n<h2>Una amplia gama de cajas de carga\u00a0y equipos de calidad<\/h2>\n<p>La compra y venta de cajas de carga y equipos especializados usados forma parte de las actividades regulares de nuestro equipo de especialistas.<\/p>\n<p>TERRACAM est\u00e1 habilitada para proporcionarle a su clientela alrededor del mundo cajas de carga y equipos especializados para cumplir todas sus necesidades.<\/p>\n<p>Le podemos proponer <strong>una gama de cajas de carga y equipos especializados<\/strong> directamente a partir de nuestro inventario o podemos tambi\u00e9n buscar y <strong>encontrar lo que usted necesita<\/strong> gracias a nuestra amplia red de asociados.<\/p>\n<p>Cada equipo especializado propuesto por TERRACAM ha sido sometido a <strong>una minuciosa inspecci\u00f3n mec\u00e1nica<\/strong> y a una actualizaci\u00f3n, de ser necesaria, para as\u00ed respetar <strong>nuestros altos est\u00e1ndares de calidad<\/strong>.\u00a0Nuestros clientes internacionales benefician de <strong>un soporte t\u00e9cnico y de un servicio posterior a la venta eficaces<\/strong> ofrecidos por nuestros especialistas.\u00a0 Por otra parte, ellos pueden contar con nosotros en lo que se refiere a la disponibilidad de piezas de repuesto.<\/p>\n<p>Nuestro equipo de peritos se encarga del proceso completo de expedici\u00f3n con el fin de <strong>facilitarle la vida<\/strong>.<\/p>\n<p>\t\t\t\t<img data-recalc-dims=\"1\" decoding=\"async\" src=\"https:\/\/i0.wp.com\/terracam.ca\/wp-content\/uploads\/Capture2-2.jpg?quality=89&#038;ssl=1\" alt=\"capture2\" itemprop=\"image\"  \/><br \/>\n\t\t\t\t<img data-recalc-dims=\"1\" decoding=\"async\" src=\"https:\/\/i0.wp.com\/terracam.ca\/wp-content\/uploads\/Capture3-2.jpg?quality=89&#038;ssl=1\" alt=\"capture3\" itemprop=\"image\"  \/><br \/>\n\t\t\t\t<img data-recalc-dims=\"1\" decoding=\"async\" src=\"https:\/\/i0.wp.com\/terracam.ca\/wp-content\/uploads\/Capture4-1.jpg?quality=89&#038;ssl=1\" alt=\"capture4\" itemprop=\"image\"  \/><br \/>\n\t\t\t\t<img data-recalc-dims=\"1\" decoding=\"async\" src=\"https:\/\/i0.wp.com\/terracam.ca\/wp-content\/uploads\/Nouveaux-modeles-2.jpg?quality=89&#038;ssl=1\" alt=\"nouveaux-modeles-2\" itemprop=\"image\"  \/><\/p>\n","protected":false},"excerpt":{"rendered":"<p>Cajas de carga para todas las vocaciones Nuestros especialistas recorren todas las rutas de Norteam\u00e9rica en b\u00fasqueda de las mejores ocasiones.\u00a0 Ellos logran as\u00ed encontrar una amplia gama de camiones, remolques y equipos especializados.\u00a0 Es de este modo que logramos ofrecerle los mejores veh\u00edculos pesados usados del mercado. La pericia \u00fanica de nuestro equipo, su&hellip;<\/p>\n","protected":false},"author":1,"featured_media":0,"parent":0,"menu_order":0,"comment_status":"closed","ping_status":"closed","template":"","meta":{"advanced_seo_description":"","jetpack_seo_html_title":"","jetpack_seo_noindex":false,"footnotes":""},"class_list":["post-589","page","type-page","status-publish","hentry"],"jetpack_sharing_enabled":true,"_links":{"self":[{"href":"https:\/\/terracam.ca\/es\/wp-json\/wp\/v2\/pages\/589","targetHints":{"allow":["GET"]}}],"collection":[{"href":"https:\/\/terracam.ca\/es\/wp-json\/wp\/v2\/pages"}],"about":[{"href":"https:\/\/terracam.ca\/es\/wp-json\/wp\/v2\/types\/page"}],"author":[{"embeddable":true,"href":"https:\/\/terracam.ca\/es\/wp-json\/wp\/v2\/users\/1"}],"replies":[{"embeddable":true,"href":"https:\/\/terracam.ca\/es\/wp-json\/wp\/v2\/comments?post=589"}],"version-history":[{"count":3,"href":"https:\/\/terracam.ca\/es\/wp-json\/wp\/v2\/pages\/589\/revisions"}],"predecessor-version":[{"id":1326,"href":"https:\/\/terracam.ca\/es\/wp-json\/wp\/v2\/pages\/589\/revisions\/1326"}],"wp:attachment":[{"href":"https:\/\/terracam.ca\/es\/wp-json\/wp\/v2\/media?parent=589"}],"curies":[{"name":"wp","href":"https:\/\/api.w.org\/{rel}","templated":true}]}}