{"id":596,"date":"2016-09-09T13:28:03","date_gmt":"2016-09-09T17:28:03","guid":{"rendered":"https:\/\/terracam.ca\/es\/?page_id=596"},"modified":"2016-09-28T17:17:28","modified_gmt":"2016-09-28T21:17:28","slug":"camiones-nuevos","status":"publish","type":"page","link":"https:\/\/terracam.ca\/es\/camiones-nuevos\/","title":{"rendered":"Camiones nuevos"},"content":{"rendered":"<p>\t\t\t\t<img data-recalc-dims=\"1\" decoding=\"async\" src=\"https:\/\/i0.wp.com\/terracam.ca\/wp-content\/uploads\/white_001.jpg?quality=89&#038;ssl=1\" alt=\"white_001\" itemprop=\"image\"  \/><br \/>\n\t\t\t\t<img data-recalc-dims=\"1\" decoding=\"async\" src=\"https:\/\/i0.wp.com\/terracam.ca\/wp-content\/uploads\/white_002.jpg?quality=89&#038;ssl=1\" alt=\"white_002\" itemprop=\"image\"  \/><br \/>\n\t\t\t\t<img data-recalc-dims=\"1\" decoding=\"async\" src=\"https:\/\/i0.wp.com\/terracam.ca\/wp-content\/uploads\/white_004.jpg?quality=89&#038;ssl=1\" alt=\"white_004\" itemprop=\"image\"  \/><br \/>\n\t\t\t\t<img data-recalc-dims=\"1\" decoding=\"async\" src=\"https:\/\/i0.wp.com\/terracam.ca\/wp-content\/uploads\/white_007.jpg?quality=89&#038;ssl=1\" alt=\"white_007\" itemprop=\"image\"  \/><br \/>\n\t\t\t\t<img data-recalc-dims=\"1\" decoding=\"async\" src=\"https:\/\/i0.wp.com\/terracam.ca\/wp-content\/uploads\/white_009.jpg?quality=89&#038;ssl=1\" alt=\"white_009\" itemprop=\"image\"  \/><br \/>\n\t\t\t\t<img data-recalc-dims=\"1\" decoding=\"async\" src=\"https:\/\/i0.wp.com\/terracam.ca\/wp-content\/uploads\/white_011.jpg?quality=89&#038;ssl=1\" alt=\"white_011\" itemprop=\"image\"  \/><\/p>\n<h2>Camiones nuevos de prestigio<\/h2>\n<p>Concesionario bajo franquicia de <strong>camiones nuevos de una marca prestigiosa<\/strong>, la empresa se distingue por su vasto surtido de servicios al igual que por la calidad de su servicio posterior a la venta.<\/p>\n<p>En pleno crecimiento desde su creaci\u00f3n en 1997, y con sus <strong>cinco puntos de venta en Quebec<\/strong> que incluyen talleres de mec\u00e1nica completos, esta divisi\u00f3n del grupo ofrece principalmente un servicio de instalaci\u00f3n de sistemas de gas natural y un servicio de diagn\u00f3stico ultra eficaz, adem\u00e1s de programas completos de soporte t\u00e9cnico, de capacitaci\u00f3n y de financiamiento.\u00a0 Gracias a ello, el Groupe LUSSIER vende cada a\u00f1o <strong>varios centenares de camiones nuevos<\/strong>, espec\u00edficamente de la marca sumamente conocida Peterbilt.<\/p>\n<p>\t\t\t\t<img data-recalc-dims=\"1\" decoding=\"async\" src=\"https:\/\/i0.wp.com\/terracam.ca\/wp-content\/uploads\/Nouveaux-modeles-1.gif?ssl=1\" alt=\"Nouveaux-modeles\" itemprop=\"image\"  \/><br \/>\n\t\t\t\t<img data-recalc-dims=\"1\" decoding=\"async\" src=\"https:\/\/i0.wp.com\/terracam.ca\/wp-content\/uploads\/Capture4.jpg?quality=89&#038;ssl=1\" alt=\"capture4\" itemprop=\"image\"  \/><\/p>\n<h2>Una flota de camiones pesados<\/h2>\n<p>Nuestra organizaci\u00f3n posee <strong>una imponente flota de cerca de 250 camiones pesados<\/strong>, disponibles ya sea para el reparto de piezas o el remolque de camiones, como tambi\u00e9n puestos a disposici\u00f3n de nuestros clientes para renta a corto o largo plazo.<\/p>\n<p>Nuestros numerosos mec\u00e1nicos reciben una capacitaci\u00f3n continua sobre las recientes tecnolog\u00edas y poseen una s\u00f3lida experiencia en mec\u00e1nica de veh\u00edculos pesados.\u00a0 Ellos se encargan principalmente de la mantenci\u00f3n y de la reparaci\u00f3n de nuestra flota de camiones que recorren constantemente las carreteras norteamericanas, adem\u00e1s de <strong>ofrecerles a nuestros clientes un soporte t\u00e9cnico completo<\/strong>.<\/p>\n<h2>Expertos reconocidos enfocados en las nuevas tecnolog\u00edas<\/h2>\n<p>Cabe destacar que nuestro equipo de maestros mec\u00e1nicos colabora estrechamente con varios centros de formaci\u00f3n profesional especializados en mec\u00e1nica para pesos pesados, conceptualizando bancos de ensayo did\u00e1cticos, ofreci\u00e9ndoles un soporte t\u00e9cnico en el marco de sus actividades de capacitaci\u00f3n y supervisando regularmente a los aprendices.\u00a0 Tenga en cuenta tambi\u00e9n que el equipo de TERRACAM posee todos los recursos y productos necesarios para <strong>ofrecerle un soporte profesional completo a sus centros de servicio<\/strong> para as\u00ed maximizar su eficiencia.<\/p>\n<p>El equipo de TERRACAM se destaca por su <strong>eficiencia<\/strong>, <strong>velocidad de ejecuci\u00f3n<\/strong> y <strong>precisi\u00f3n<\/strong> de su trabajo, principalmente en lo que se refiere a su servicio posterior a la venta, pero tambi\u00e9n por <strong>la preparaci\u00f3n de los camiones y su transformaci\u00f3n seg\u00fan las necesidades espec\u00edficas de los clientes<\/strong> (reemplazo de la caja, cambio de aplicaci\u00f3n, modificaci\u00f3n del chasis, a\u00f1adidura de equipos y accesorios, etc.).<\/p>\n<p>El proceso de expedici\u00f3n de un veh\u00edculo, de equipos o piezas al extranjero es una de las especialidades de nuestro equipo.\u00a0 Nuestros especialistas se encargan de todas las etapas de exportaci\u00f3n con el fin de que su cami\u00f3n o camiones lleguen intactos a su destino.<\/p>\n<p>\t\t\t\t<img data-recalc-dims=\"1\" decoding=\"async\" src=\"https:\/\/i0.wp.com\/terracam.ca\/wp-content\/uploads\/Capture3.jpg?quality=89&#038;ssl=1\" alt=\"capture3\" itemprop=\"image\"  \/><\/p>\n","protected":false},"excerpt":{"rendered":"<p>Camiones nuevos de prestigio Concesionario bajo franquicia de camiones nuevos de una marca prestigiosa, la empresa se distingue por su vasto surtido de servicios al igual que por la calidad de su servicio posterior a la venta. En pleno crecimiento desde su creaci\u00f3n en 1997, y con sus cinco puntos de venta en Quebec que&hellip;<\/p>\n","protected":false},"author":1,"featured_media":0,"parent":0,"menu_order":0,"comment_status":"closed","ping_status":"closed","template":"","meta":{"advanced_seo_description":"","jetpack_seo_html_title":"","jetpack_seo_noindex":false,"footnotes":""},"class_list":["post-596","page","type-page","status-publish","hentry"],"jetpack_sharing_enabled":true,"_links":{"self":[{"href":"https:\/\/terracam.ca\/es\/wp-json\/wp\/v2\/pages\/596","targetHints":{"allow":["GET"]}}],"collection":[{"href":"https:\/\/terracam.ca\/es\/wp-json\/wp\/v2\/pages"}],"about":[{"href":"https:\/\/terracam.ca\/es\/wp-json\/wp\/v2\/types\/page"}],"author":[{"embeddable":true,"href":"https:\/\/terracam.ca\/es\/wp-json\/wp\/v2\/users\/1"}],"replies":[{"embeddable":true,"href":"https:\/\/terracam.ca\/es\/wp-json\/wp\/v2\/comments?post=596"}],"version-history":[{"count":4,"href":"https:\/\/terracam.ca\/es\/wp-json\/wp\/v2\/pages\/596\/revisions"}],"predecessor-version":[{"id":1317,"href":"https:\/\/terracam.ca\/es\/wp-json\/wp\/v2\/pages\/596\/revisions\/1317"}],"wp:attachment":[{"href":"https:\/\/terracam.ca\/es\/wp-json\/wp\/v2\/media?parent=596"}],"curies":[{"name":"wp","href":"https:\/\/api.w.org\/{rel}","templated":true}]}}