{"id":598,"date":"2016-09-09T13:29:12","date_gmt":"2016-09-09T17:29:12","guid":{"rendered":"https:\/\/terracam.ca\/es\/?page_id=598"},"modified":"2016-09-28T17:29:52","modified_gmt":"2016-09-28T21:29:52","slug":"remolques","status":"publish","type":"page","link":"https:\/\/terracam.ca\/es\/remolques\/","title":{"rendered":"Remolques"},"content":{"rendered":"<h2>Remolques usados de todos los tipos<\/h2>\n<p>Tenemos en stock un amplio inventario de remolques usados de todos los tipos para satisfacer sus necesidades, particularmente remolques cerrados, planos (<em>flat bed<\/em>), basculantes, cisternas, hormigoneros, <em>roll-off<\/em>, remolques para basura, para el transporte de bebidas, para contenedores, para el transporte de autom\u00f3viles, semirremolques, remolques de plataforma baja, etc.<\/p>\n<p>Si usted desea adquirir remolques usados para camiones pesados que est\u00e9n listos para salir a la ruta y llevar a cabo sus actividades comerciales, estar\u00e1 impresionado por la variedad y la calidad de los productos que tenemos en stock.\u00a0 Encontrar\u00e1 todo lo que busca a precios ventajosos.\u00a0 Obviamente, le podemos proporcionar todas las piezas necesarias para su mantenci\u00f3n y su reparaci\u00f3n.\u00a0 Es s\u00f3lo cuesti\u00f3n de consultar a uno de nuestros representantes de exportaciones.<\/p>\n<p>\t\t\t\t<img data-recalc-dims=\"1\" decoding=\"async\" src=\"https:\/\/i0.wp.com\/terracam.ca\/wp-content\/uploads\/Capture2.jpg?quality=89&#038;ssl=1\" alt=\"capture2\" itemprop=\"image\"  \/><br \/>\n\t\t\t\t<img data-recalc-dims=\"1\" decoding=\"async\" src=\"https:\/\/i0.wp.com\/terracam.ca\/wp-content\/uploads\/Capture.jpg?quality=89&#038;ssl=1\" alt=\"capture\" itemprop=\"image\"  \/><\/p>\n<h2>Una variedad completa de semirremolques nuevos de alta calidad<\/h2>\n<p>Tambi\u00e9n le podemos ofrecer toda una variedad de semirremolques nuevos de alta calidad para diferentes sectores de actividad.\u00a0 Tenemos acceso a todos los tipos de remolques generalmente utilizados en el mercado, lo que nos da una s\u00f3lida ventaja competitiva.<\/p>\n<p><strong>Sector agr\u00edcola <\/strong><\/p>\n<ul>\n<li>Remolques basculantes (traslado de granos)<\/li>\n<li>Semirremolques torvas<\/li>\n<\/ul>\n<p><strong>Sector de la construcci\u00f3n<\/strong><\/p>\n<ul>\n<li>Remolques basculantes cuadrados<\/li>\n<li>Remolques basculantes tanque<\/li>\n<li>Semirremolques<\/li>\n<li>Remolques con descarga central<\/li>\n<li>Semirremolques Liddell<\/li>\n<\/ul>\n<p><strong>Sector forestal<\/strong><\/p>\n<ul>\n<li>Semirremolques forestales<\/li>\n<li>Semirremolques para el transporte de madera<\/li>\n<li>Semirremolques para el transporte de virutas<\/li>\n<\/ul>\n<p><strong>Sector del reciclaje<\/strong><\/p>\n<ul>\n<li>Remolques basculantes para el reciclaje<\/li>\n<li>Furgones para el trasbordo<\/li>\n<\/ul>\n<p><strong>Sector del transporte terrestre<\/strong><\/p>\n<ul>\n<li>Remolques mec\u00e1nicos<\/li>\n<li>Furgones<\/li>\n<li>Furgones ultra planos<\/li>\n<li>Plataformas de acero<\/li>\n<li>Plataformas de aluminio<\/li>\n<li>Plataformas combinadas<\/li>\n<li>Plataformas extensibles<\/li>\n<\/ul>\n<p>\t\t\t\t<img data-recalc-dims=\"1\" decoding=\"async\" src=\"https:\/\/i0.wp.com\/terracam.ca\/wp-content\/uploads\/Terracam_bannieres_5.png?quality=80&#038;ssl=1\" alt=\"terracam_bannieres_5\" itemprop=\"image\"  \/><\/p>\n<p>TERRACAM puede por lo tanto proporcionarle <strong>los remolques de camiones pesados que usted necesita a precios interesantes<\/strong>, tr\u00e1tese de uno solo para las necesidades particulares de <strong>una<\/strong> <strong>empresa<\/strong> o de una serie de remolques para <strong>manufactureros<\/strong> o flotas de <strong>empresas de transporte<\/strong>.<\/p>\n<p>Le podemos proponer remolques nuevos, casi nuevos u otros con poco uso que han sido ya sea verificados o reacondicionados.\u00a0 Nuestra clientela de diferentes partes del mundo tiene <strong>una amplia gama de opciones<\/strong>.<\/p>\n<p>Cada remolque propuesto ha sido sometido a una <strong>minuciosa<\/strong> <strong>inspecci\u00f3n mec\u00e1nica <\/strong>y a una actualizaci\u00f3n, de ser necesaria, para as\u00ed respetar nuestros altos est\u00e1ndares de calidad.\u00a0 Si fuese Seg\u00fan sea el caso, el remolque puede tambi\u00e9n beneficiar de una <strong>transformaci\u00f3n funcional<\/strong> realizada por nuestros especialistas antes de su entrega, con el fin de atender adecuadamente sus necesidades espec\u00edficas en el marco de sus actividades comerciales.<\/p>\n<p>De este modo, los remolques que ofrece TERRACAM brindan un muy buen rendimiento, un alto nivel de <strong>fiabilidad<\/strong> <strong>y seguridad<\/strong> y ofrecen una excelente rentabilidad.\u00a0 Adem\u00e1s, nuestros clientes internacionales benefician de un <strong>soporte t\u00e9cnico<\/strong> y de un <strong>servicio posterior a la venta eficiente<\/strong> y eficaz por parte de nuestros especialistas.\u00a0 Asimismo, pueden contar con nosotros en cuanto a la disponibilidad de las piezas de repuesto.<\/p>\n<p>Estamos continuamente en b\u00fasqueda de los mejores veh\u00edculos pesados en el mercado y es por ello que nuestro inventario es tan completo.\u00a0 No obstante, si no tenemos en este momento el remolque que usted busca, nuestro equipo se encargar\u00e1 simplemente de encontrarlo para poder entreg\u00e1rselo tan pronto sea posible.<\/p>\n<p>Cabe destacar<strong> nuestros especialistas se encargan de todas las fases de la exportaci\u00f3n<\/strong> para que su remolque llegue a su destino en buen estado.<\/p>\n","protected":false},"excerpt":{"rendered":"<p>Remolques usados de todos los tipos Tenemos en stock un amplio inventario de remolques usados de todos los tipos para satisfacer sus necesidades, particularmente remolques cerrados, planos (flat bed), basculantes, cisternas, hormigoneros, roll-off, remolques para basura, para el transporte de bebidas, para contenedores, para el transporte de autom\u00f3viles, semirremolques, remolques de plataforma baja, etc. Si&hellip;<\/p>\n","protected":false},"author":1,"featured_media":0,"parent":0,"menu_order":0,"comment_status":"closed","ping_status":"closed","template":"","meta":{"advanced_seo_description":"","jetpack_seo_html_title":"","jetpack_seo_noindex":false,"footnotes":""},"class_list":["post-598","page","type-page","status-publish","hentry"],"jetpack_sharing_enabled":true,"_links":{"self":[{"href":"https:\/\/terracam.ca\/es\/wp-json\/wp\/v2\/pages\/598","targetHints":{"allow":["GET"]}}],"collection":[{"href":"https:\/\/terracam.ca\/es\/wp-json\/wp\/v2\/pages"}],"about":[{"href":"https:\/\/terracam.ca\/es\/wp-json\/wp\/v2\/types\/page"}],"author":[{"embeddable":true,"href":"https:\/\/terracam.ca\/es\/wp-json\/wp\/v2\/users\/1"}],"replies":[{"embeddable":true,"href":"https:\/\/terracam.ca\/es\/wp-json\/wp\/v2\/comments?post=598"}],"version-history":[{"count":4,"href":"https:\/\/terracam.ca\/es\/wp-json\/wp\/v2\/pages\/598\/revisions"}],"predecessor-version":[{"id":1319,"href":"https:\/\/terracam.ca\/es\/wp-json\/wp\/v2\/pages\/598\/revisions\/1319"}],"wp:attachment":[{"href":"https:\/\/terracam.ca\/es\/wp-json\/wp\/v2\/media?parent=598"}],"curies":[{"name":"wp","href":"https:\/\/api.w.org\/{rel}","templated":true}]}}