{"id":600,"date":"2016-09-09T13:29:55","date_gmt":"2016-09-09T17:29:55","guid":{"rendered":"https:\/\/terracam.ca\/es\/?page_id=600"},"modified":"2016-09-28T17:32:32","modified_gmt":"2016-09-28T21:32:32","slug":"maquinaria-pesada","status":"publish","type":"page","link":"https:\/\/terracam.ca\/es\/maquinaria-pesada\/","title":{"rendered":"Maquinaria pesada"},"content":{"rendered":"<h2>Para satisfacer todas sus necesidades cual sea su sector de actividad<\/h2>\n<p>TERRACAM est\u00e1 habilitada para proporcionarle a su clientela alrededor del mundo maquinaria pesada apropiada para satisfacer todas sus necesidades cual sea su sector de actividad.\u00a0 \u00a0Gracias a <strong>nuestra amplia red de abastecimiento<\/strong>, le podemos proporcionar la maquinaria pesada norteamericana nueva que usted necesita, ya sea para <strong>obras viales<\/strong>, para todos los tipos de <strong>obras de construcci\u00f3n<\/strong>, para trabajos de <strong>excavaci\u00f3n en general<\/strong> o para cumplir las necesidades de una <strong>actividad agr\u00edcola<\/strong>.<\/p>\n<ul>\n<li>Cami\u00f3n gr\u00faa (<em>boom truck<\/em>)<\/li>\n<\/ul>\n<ul>\n<li>Gr\u00faa<\/li>\n<\/ul>\n<ul>\n<li>Montacargas (<em>forklift<\/em>)<\/li>\n<\/ul>\n<ul>\n<li>Barredora hidr\u00e1ulica<\/li>\n<\/ul>\n<ul>\n<li>Cargadora sobre ruedas o sobre orugas<\/li>\n<\/ul>\n<ul>\n<li>Retroexcavadora<\/li>\n<\/ul>\n<ul>\n<li>Compactador de asfalto<\/li>\n<\/ul>\n<p>\t\t\t\t<img data-recalc-dims=\"1\" decoding=\"async\" src=\"https:\/\/i0.wp.com\/terracam.ca\/wp-content\/uploads\/Fotosearch_k1772973-1.gif?ssl=1\" alt=\"fotosearch_k1772973\" itemprop=\"image\"  \/><\/p>\n<ul>\n<li>Compactador de basura<\/li>\n<\/ul>\n<ul>\n<li>Pala mec\u00e1nica<\/li>\n<\/ul>\n<ul>\n<li>Extendedora de asfalto<\/li>\n<\/ul>\n<ul>\n<li>Excavadora<\/li>\n<\/ul>\n<ul>\n<li>Cesta elevadora<\/li>\n<\/ul>\n<ul>\n<li>Tractor agr\u00edcola<\/li>\n<\/ul>\n<ul>\n<li>\u00a1Y mucho m\u00e1s a\u00fan!<\/li>\n<\/ul>\n<p>Adem\u00e1s, TERRACAM cuenta constantemente en su inventario productos de calidad, <strong>una gran variedad de maquinaria pesada usada o reacondicionada <\/strong>adaptada a su presupuesto. \u00a0La compra y venta de maquinaria usada forma parte de las actividades regulares de nuestro equipo de especialistas en abastecimiento.<\/p>\n<p>Por consiguiente, si esa fuese su necesidad, ellos sabr\u00edan encontrar la maquinaria pesada usada que cumpla con las exigencias espec\u00edficas de su proyecto a partir de nuestro inventario.\u00a0 De no ser as\u00ed, ellos se encargar\u00e1n de buscar y encontrar lo que usted necesita gracias a nuestra amplia red de asociados.<\/p>\n<p>Cada maquinaria pesada propuesta por TERRACAM ha sido sometida a una minuciosa inspecci\u00f3n mec\u00e1nica y actualizada, de ser necesario, para as\u00ed respetar nuestros altos est\u00e1ndares de calidad.<\/p>\n<p>Nuestros clientes internacionales benefician de <strong>un soporte t\u00e9cnico y de un servicio posterior a la venta eficiente<\/strong> y eficaz por parte de nuestros especialistas.\u00a0 Asimismo, pueden contar con nosotros en cuanto a la disponibilidad de piezas de repuesto.<\/p>\n<p>Como siempre, nuestro equipo de exportadores avezados se encarga del proceso completo de expedici\u00f3n con el fin de facilitarle la vida.<\/p>\n<p>\t\t\t\t<img data-recalc-dims=\"1\" decoding=\"async\" src=\"https:\/\/i0.wp.com\/terracam.ca\/wp-content\/uploads\/Capture-1.jpg?quality=89&#038;ssl=1\" alt=\"capture\" itemprop=\"image\"  \/><br \/>\n\t\t\t\t<img data-recalc-dims=\"1\" height=\"565\" width=\"1024\" decoding=\"async\" src=\"https:\/\/i0.wp.com\/terracam.ca\/wp-content\/uploads\/Capture2-1.jpg?resize=1024%2C565&#038;quality=89&#038;ssl=1\" alt=\"capture2\" itemprop=\"image\"  \/><\/p>\n","protected":false},"excerpt":{"rendered":"<p>Para satisfacer todas sus necesidades cual sea su sector de actividad TERRACAM est\u00e1 habilitada para proporcionarle a su clientela alrededor del mundo maquinaria pesada apropiada para satisfacer todas sus necesidades cual sea su sector de actividad.\u00a0 \u00a0Gracias a nuestra amplia red de abastecimiento, le podemos proporcionar la maquinaria pesada norteamericana nueva que usted necesita, ya&hellip;<\/p>\n","protected":false},"author":1,"featured_media":0,"parent":0,"menu_order":0,"comment_status":"closed","ping_status":"closed","template":"","meta":{"advanced_seo_description":"","jetpack_seo_html_title":"","jetpack_seo_noindex":false,"footnotes":""},"class_list":["post-600","page","type-page","status-publish","hentry"],"jetpack_sharing_enabled":true,"_links":{"self":[{"href":"https:\/\/terracam.ca\/es\/wp-json\/wp\/v2\/pages\/600","targetHints":{"allow":["GET"]}}],"collection":[{"href":"https:\/\/terracam.ca\/es\/wp-json\/wp\/v2\/pages"}],"about":[{"href":"https:\/\/terracam.ca\/es\/wp-json\/wp\/v2\/types\/page"}],"author":[{"embeddable":true,"href":"https:\/\/terracam.ca\/es\/wp-json\/wp\/v2\/users\/1"}],"replies":[{"embeddable":true,"href":"https:\/\/terracam.ca\/es\/wp-json\/wp\/v2\/comments?post=600"}],"version-history":[{"count":5,"href":"https:\/\/terracam.ca\/es\/wp-json\/wp\/v2\/pages\/600\/revisions"}],"predecessor-version":[{"id":1320,"href":"https:\/\/terracam.ca\/es\/wp-json\/wp\/v2\/pages\/600\/revisions\/1320"}],"wp:attachment":[{"href":"https:\/\/terracam.ca\/es\/wp-json\/wp\/v2\/media?parent=600"}],"curies":[{"name":"wp","href":"https:\/\/api.w.org\/{rel}","templated":true}]}}