{"id":619,"date":"2016-09-09T13:43:21","date_gmt":"2016-09-09T17:43:21","guid":{"rendered":"https:\/\/terracam.ca\/es\/?page_id=619"},"modified":"2016-09-28T17:48:47","modified_gmt":"2016-09-28T21:48:47","slug":"transporte-regional","status":"publish","type":"page","link":"https:\/\/terracam.ca\/es\/transporte-regional\/","title":{"rendered":"Transporte regional"},"content":{"rendered":"<h2>Una gama de autobuses regionales de muy alto calibre<\/h2>\n<p>TERRACAM le propone una gama de autobuses regionales de<strong> muy alto calibre <\/strong>y de una<strong> fiabilidad legendaria<\/strong> gracias a su asociaci\u00f3n con un l\u00edder en el sector del transporte p\u00fablico.<\/p>\n<p>De acuerdo a sus objetivos comerciales, la empresa le propone dos soluciones, ya sea <strong>la adquisici\u00f3n de un veh\u00edculo totalmente nuevo o la de un veh\u00edculo renovado <\/strong>por completo o en parte seg\u00fan sus necesidades.<\/p>\n<h2>Una construcci\u00f3n de calidad excepcional<\/h2>\n<p>Gracias a <strong>una ingenier\u00eda de punta<\/strong>, una construcci\u00f3n a partir de materiales muy robustos y a la integraci\u00f3n de componentes de alta calidad en su fabricaci\u00f3n, <strong>estos veh\u00edculos de clase mundial<\/strong> se destacan por sus bajos costos de mantenci\u00f3n y por su impresionante longevidad, como tambi\u00e9n por su conducci\u00f3n segura y fluida y su gran confort.<\/p>\n<p>Tres razones explican esta situaci\u00f3n tan favorable:<\/p>\n<ul>\n<li>Un <strong>chasis robusto<\/strong> de acero inoxidable que resiste a los elementos y proporciona una integridad estructural fiable y una durabilidad a toda prueba.<\/li>\n<li><strong>Tubos monobloques<\/strong> de acero inoxidable con paredes m\u00e1s gruesas en lugares estrat\u00e9gicos, como la estructura de las ventanas<\/li>\n<li><strong>Sistemas el\u00e9ctricos simplificados de alta calidad<\/strong>, con menos cableado, m\u00f3dulos y rel\u00e9s, adem\u00e1s de compartimientos y conectores sellados.<\/li>\n<\/ul>\n<p>\t\t\t\t<img data-recalc-dims=\"1\" decoding=\"async\" src=\"https:\/\/i0.wp.com\/terracam.ca\/wp-content\/uploads\/2014-D4005-D4505-Spec-Sheet-1.gif?ssl=1\" alt=\"2014-d4005-d4505-spec-sheet-1\" itemprop=\"image\"  \/><\/p>\n<h2>Innovaci\u00f3n, dise\u00f1o, valor y econom\u00eda<\/h2>\n<p>Los autobuses propuestos han sido dise\u00f1ados para maximizar su <strong>productividad<\/strong>, su <strong>eficiencia<\/strong>, su <strong>confort<\/strong> y la seguridad relacionada con su uso.<\/p>\n<p>Beneficiando de un valor de reventa y de una vida \u00fatil de muy superior al promedio a ra\u00edz de la calidad de su construcci\u00f3n, ellos exhiben un <strong>consumo de combustible y costos de mantenimiento netamente inferiores<\/strong> a los de otros veh\u00edculos de la misma categor\u00eda.<\/p>\n<p>Estos veh\u00edculos est\u00e1n equipados con un motor Cummins o Detroit Diesel como opci\u00f3n y de un sistema de enfriamiento m\u00e1s liviano de alto rendimiento, permitiendo as\u00ed <strong>una mayor eficiencia y un uso ecoenerg\u00e9tico<\/strong>.<\/p>\n<h2>Una variedad de autobuses reacondicionados<\/h2>\n<p>Construidos para durar m\u00e1s de 35 a\u00f1os, estos autobuses de alto calibre, tanto por su construcci\u00f3n como por su acabado, tienen la ventaja de <strong>conservar su valor y permanecer en excelente estado durante mucho tiempo<\/strong>.\u00a0 Por lo tanto, pueden f\u00e1cilmente gozar de una segunda vida muy honorable y muy rentable para sus usuarios cuando han sido renovados seg\u00fan las reglas del arte.<\/p>\n<p>TERRACAM le propone una gama de autobuses para vocaci\u00f3n regional que cumplen con las normas estrictas impuestas de las leyes de transporte terrestre norteamericanas.\u00a0 De acuerdo a sus necesidades, estos autobuses pueden ser <strong>totalmente nuevos o reacondicionados<\/strong>, totalmente o en parte, seg\u00fan el caso.<\/p>\n<p>El reacondicionamiento de los veh\u00edculos se hace en Canad\u00e1 y est\u00e1 a cargo de <strong>maestros mec\u00e1nicos<\/strong> <strong>y t\u00e9cnicos altamente especializados<\/strong>, respetando los m\u00e1s altos est\u00e1ndares de calidad y las normas estrictas del fabricante.<\/p>\n<p><strong>Piezas de repuesto y un soporte t\u00e9cnico eficiente<\/strong><\/p>\n<p>Por otra parte, poco importa el pa\u00eds, usted podr\u00e1 contar en todo momento con TERRACAM para obtener piezas de repuesto nuevas y componentes reacondicionados, al igual que un soporte t\u00e9cnico y un servicio posterior a la venta de lo m\u00e1s eficientes.<\/p>\n<p>\t\t\t\t<img data-recalc-dims=\"1\" decoding=\"async\" src=\"https:\/\/i0.wp.com\/terracam.ca\/wp-content\/uploads\/2015-D4500-D4000-Commuter-Spec-Sheet-1.gif?ssl=1\" alt=\"2015-d4500-d4000-commuter-spec-sheet-1\" itemprop=\"image\"  \/><\/p>\n<p><strong>Veh\u00edculos fiables adaptados a sus objetivos comerciales <\/strong><\/p>\n<p>Dependiendo de sus necesidades, del presupuesto que usted le asigne a la adquisici\u00f3n del veh\u00edculo deseado y de su inspecci\u00f3n mec\u00e1nica y estructural, nuestros expertos en Canad\u00e1, podr\u00edan considerar, entre otros, el reacondicionamiento de componentes del grupo motopropulsor, ejes, sistemas de climatizaci\u00f3n, suspensiones, carrocer\u00edas, pinturas, cabinas, etc.<\/p>\n","protected":false},"excerpt":{"rendered":"<p>Una gama de autobuses regionales de muy alto calibre TERRACAM le propone una gama de autobuses regionales de muy alto calibre y de una fiabilidad legendaria gracias a su asociaci\u00f3n con un l\u00edder en el sector del transporte p\u00fablico. De acuerdo a sus objetivos comerciales, la empresa le propone dos soluciones, ya sea la adquisici\u00f3n&hellip;<\/p>\n","protected":false},"author":1,"featured_media":0,"parent":0,"menu_order":0,"comment_status":"closed","ping_status":"closed","template":"","meta":{"advanced_seo_description":"","jetpack_seo_html_title":"","jetpack_seo_noindex":false,"footnotes":""},"class_list":["post-619","page","type-page","status-publish","hentry"],"jetpack_sharing_enabled":true,"_links":{"self":[{"href":"https:\/\/terracam.ca\/es\/wp-json\/wp\/v2\/pages\/619","targetHints":{"allow":["GET"]}}],"collection":[{"href":"https:\/\/terracam.ca\/es\/wp-json\/wp\/v2\/pages"}],"about":[{"href":"https:\/\/terracam.ca\/es\/wp-json\/wp\/v2\/types\/page"}],"author":[{"embeddable":true,"href":"https:\/\/terracam.ca\/es\/wp-json\/wp\/v2\/users\/1"}],"replies":[{"embeddable":true,"href":"https:\/\/terracam.ca\/es\/wp-json\/wp\/v2\/comments?post=619"}],"version-history":[{"count":4,"href":"https:\/\/terracam.ca\/es\/wp-json\/wp\/v2\/pages\/619\/revisions"}],"predecessor-version":[{"id":1323,"href":"https:\/\/terracam.ca\/es\/wp-json\/wp\/v2\/pages\/619\/revisions\/1323"}],"wp:attachment":[{"href":"https:\/\/terracam.ca\/es\/wp-json\/wp\/v2\/media?parent=619"}],"curies":[{"name":"wp","href":"https:\/\/api.w.org\/{rel}","templated":true}]}}