{"id":625,"date":"2016-09-09T13:47:26","date_gmt":"2016-09-09T17:47:26","guid":{"rendered":"https:\/\/terracam.ca\/es\/?page_id=625"},"modified":"2016-09-28T18:36:12","modified_gmt":"2016-09-28T22:36:12","slug":"piezas-recicladas","status":"publish","type":"page","link":"https:\/\/terracam.ca\/es\/piezas-recicladas\/","title":{"rendered":"Piezas recicladas"},"content":{"rendered":"<h2>Piezas recicladas para todas las marcas y todos los modelos de camiones y de maquinaria<\/h2>\n<p>Nuestro grupo administra <strong>un inmenso astillero <\/strong><strong>de reciclaje<\/strong> con un equipo ejemplar de t\u00e9cnicos y de maestros mec\u00e1nicos experimentados en veh\u00edculos pesados, adem\u00e1s de <strong>nuestras amplias bodegas y talleres <\/strong>y <strong>nuestro recorrido exterior de m\u00e1s de 7 kil\u00f3metros<\/strong> que ofrece una abundante cantidad de piezas para todas las marcas y para todos los modelos de camiones y de maquinarias.<\/p>\n<p>Otorg\u00e1ndole prioridad al <strong>respeto del medioambiente<\/strong> en todas las etapas de sus operaciones, los t\u00e9cnicos proceden primero a la descontaminaci\u00f3n de cada veh\u00edculo antes de desmantelarlo, al igual que a la recuperaci\u00f3n de todos sus componentes para darles una segunda vida, <strong>minimizando as\u00ed los impactos negativos en el medioambiente<\/strong>.<\/p>\n<p>\t\t\t\t<img data-recalc-dims=\"1\" decoding=\"async\" src=\"https:\/\/i0.wp.com\/terracam.ca\/wp-content\/uploads\/Cour-Lussier-Centre-du-Camion.gif?ssl=1\" alt=\"cour-lussier-centre-du-camion\" itemprop=\"image\"  \/><br \/>\n\t\t\t\t<img data-recalc-dims=\"1\" height=\"577\" width=\"1024\" decoding=\"async\" src=\"https:\/\/i0.wp.com\/terracam.ca\/wp-content\/uploads\/Capture-4.jpg?resize=1024%2C577&#038;quality=89&#038;ssl=1\" alt=\"capture\" itemprop=\"image\"  \/><br \/>\n\t\t\t\t<img data-recalc-dims=\"1\" decoding=\"async\" src=\"https:\/\/i0.wp.com\/terracam.ca\/wp-content\/uploads\/O0C3675.gif?ssl=1\" alt=\"_o0c3675\" itemprop=\"image\"  \/><br \/>\n\t\t\t\t<img data-recalc-dims=\"1\" decoding=\"async\" src=\"https:\/\/i0.wp.com\/terracam.ca\/wp-content\/uploads\/O0C3907.gif?ssl=1\" alt=\"_o0c3907\" itemprop=\"image\"  \/><br \/>\n\t\t\t\t<img data-recalc-dims=\"1\" decoding=\"async\" src=\"https:\/\/i0.wp.com\/terracam.ca\/wp-content\/uploads\/Capture3.gif?ssl=1\" alt=\"capture3\" itemprop=\"image\"  \/><br \/>\n\t\t\t\t<img data-recalc-dims=\"1\" decoding=\"async\" src=\"https:\/\/i0.wp.com\/terracam.ca\/wp-content\/uploads\/O0C2825.gif?ssl=1\" alt=\"_o0c2825\" itemprop=\"image\"  \/><\/p>\n<h2>Piezas recicladas de calidad en cantidades<\/h2>\n<p>Tr\u00e1tese de <strong>motores<\/strong>, <strong>transmisiones<\/strong>, <strong>diferenciales<\/strong>, <strong>suspensiones<\/strong>, <strong>cajas de servodirecci\u00f3n<\/strong>, <strong>ejes<\/strong>, <strong>radiadores<\/strong>, <strong>llantas<\/strong>, <strong>cajas<\/strong> y <strong>equipos<\/strong> al igual que componentes de <strong>carrocer\u00eda<\/strong>, nuestro grupo dispone de un inventario impresionante y completo para la reparaci\u00f3n y la mantenci\u00f3n de todo tipo de veh\u00edculos pesados norteamericanos.<\/p>\n<p>De ser necesario, le podemos ofrecer a nuestra clientela internacional piezas recicladas de calidad en cantidades para la mantenci\u00f3n y la reparaci\u00f3n de veh\u00edculos pesados (camiones, remolques, maquinaria y equipos), <strong>a precios claramente ventajosos<\/strong>.<\/p>\n","protected":false},"excerpt":{"rendered":"<p>Piezas recicladas para todas las marcas y todos los modelos de camiones y de maquinaria Nuestro grupo administra un inmenso astillero de reciclaje con un equipo ejemplar de t\u00e9cnicos y de maestros mec\u00e1nicos experimentados en veh\u00edculos pesados, adem\u00e1s de nuestras amplias bodegas y talleres y nuestro recorrido exterior de m\u00e1s de 7 kil\u00f3metros que ofrece&hellip;<\/p>\n","protected":false},"author":1,"featured_media":0,"parent":0,"menu_order":0,"comment_status":"closed","ping_status":"closed","template":"","meta":{"advanced_seo_description":"","jetpack_seo_html_title":"","jetpack_seo_noindex":false,"footnotes":""},"class_list":["post-625","page","type-page","status-publish","hentry"],"jetpack_sharing_enabled":true,"_links":{"self":[{"href":"https:\/\/terracam.ca\/es\/wp-json\/wp\/v2\/pages\/625","targetHints":{"allow":["GET"]}}],"collection":[{"href":"https:\/\/terracam.ca\/es\/wp-json\/wp\/v2\/pages"}],"about":[{"href":"https:\/\/terracam.ca\/es\/wp-json\/wp\/v2\/types\/page"}],"author":[{"embeddable":true,"href":"https:\/\/terracam.ca\/es\/wp-json\/wp\/v2\/users\/1"}],"replies":[{"embeddable":true,"href":"https:\/\/terracam.ca\/es\/wp-json\/wp\/v2\/comments?post=625"}],"version-history":[{"count":3,"href":"https:\/\/terracam.ca\/es\/wp-json\/wp\/v2\/pages\/625\/revisions"}],"predecessor-version":[{"id":1331,"href":"https:\/\/terracam.ca\/es\/wp-json\/wp\/v2\/pages\/625\/revisions\/1331"}],"wp:attachment":[{"href":"https:\/\/terracam.ca\/es\/wp-json\/wp\/v2\/media?parent=625"}],"curies":[{"name":"wp","href":"https:\/\/api.w.org\/{rel}","templated":true}]}}