{"id":628,"date":"2016-09-09T13:48:34","date_gmt":"2016-09-09T17:48:34","guid":{"rendered":"https:\/\/terracam.ca\/es\/?page_id=628"},"modified":"2016-09-28T18:45:43","modified_gmt":"2016-09-28T22:45:43","slug":"componentes-reacondicionados","status":"publish","type":"page","link":"https:\/\/terracam.ca\/es\/componentes-reacondicionados\/","title":{"rendered":"Componentes reacondicionados"},"content":{"rendered":"<p>\t\t\t\t<img data-recalc-dims=\"1\" decoding=\"async\" src=\"https:\/\/i0.wp.com\/terracam.ca\/wp-content\/uploads\/bannie%C2%A6%C3%87re_deroule1B_HR-2.gif?ssl=1\" alt=\"bannie%c2%a6cre_deroule1b_hr\" itemprop=\"image\"  \/><\/p>\n<h2>Componentes del grupo motopropulsor refabricados<\/h2>\n<p>TERRACAM goza de la pericia de <strong>un equipo experto<\/strong> en el reacondicionamiento de componentes del sistema de propulsi\u00f3n de un cami\u00f3n.\u00a0 Nuestros procesos de trabajo y <strong>procedimientos rigurosos de control de la calidad<\/strong> nos permiten ofrecer un vasto inventario de motores, transmisiones, diferenciales y cajas de servodirecci\u00f3n reacondicionados y de calidad impecable.<\/p>\n<p>Los maestros mec\u00e1nicos experimentados de TERRACAM garantizan la <strong>calidad<\/strong>, el <strong>rendimiento<\/strong> y la <strong>durabilidad<\/strong> de nuestros productos al igual que la excelencia del servicio posterior a la venta.<\/p>\n<p>El equipo de TERRACAM est\u00e1 en condiciones de procurarle componentes del grupo motopropulsor enteramente reacondicionados, de todas las marcas y todos los modelos corrientes en Norteam\u00e9rica.<\/p>\n<p>TERRACAM le puede garantizar a su clientela la paz de la mente mediante la calidad de los productos gracias a un procedimiento probado de reacondicionamiento completo y <strong>un riguroso de control de la calidad<\/strong>.<\/p>\n<p>&nbsp;<\/p>\n<p><strong>Le ofrecemos una amplia gama de productos y servicios<br \/>\nde acuerdo a sus necesidades<\/strong><\/p>\n<h2>Motores<\/h2>\n<p>TERRACAM le ofrece una gama de motores adaptados a su situaci\u00f3n al igual que a su presupuesto.\u00a0 Que se trate de un motor reconstruido con un kit de renovaci\u00f3n o de un motor totalmente reacondicionado, tenemos varias soluciones econ\u00f3micas y duraderas que proponerle.<\/p>\n<ul>\n<li><strong>Motor revisado<\/strong>: Motor usado cuyos principales componentes han sido certificados por nuestros expertos. \u00a1La soluci\u00f3n la m\u00e1s econ\u00f3mica!<\/li>\n<\/ul>\n<ul>\n<li><strong>Motor renovado<\/strong>: Motor reacondicionado con un kit de renovaci\u00f3n, permitiendo retomar el trabajo r\u00e1pidamente, al mejor precio.<\/li>\n<\/ul>\n<ul>\n<li><strong>Motor reacondicionado<\/strong>: Reconstrucci\u00f3n completa de la mayor\u00eda de los principales componentes seg\u00fan las reglas del arte.<\/li>\n<\/ul>\n<ul>\n<li><strong>Motor refabricado<\/strong>: Totalmente desmontado y minuciosamente reconstruido por nuestros especialistas.<\/li>\n<\/ul>\n<p>\t\t\t\t<img data-recalc-dims=\"1\" decoding=\"async\" src=\"https:\/\/i0.wp.com\/terracam.ca\/wp-content\/uploads\/MG_0946.gif?ssl=1\" alt=\"_mg_0946\" itemprop=\"image\"  \/><br \/>\n\t\t\t\t<img data-recalc-dims=\"1\" decoding=\"async\" src=\"https:\/\/i0.wp.com\/terracam.ca\/wp-content\/uploads\/Capture2-3.jpg?quality=89&#038;ssl=1\" alt=\"capture2\" itemprop=\"image\"  \/><\/p>\n<h2>Transmisiones y diferenciales<\/h2>\n<p>TERRACAM tiene un stock completo de transmisiones y diferenciales de todas las marcas completamente reacondicionados.<\/p>\n<p>Listos para ser entregados, estos numerosos componentes del grupo motopropulsor han sido minuciosa e integralmente reacondicionados. \u00a0Han sido probados individualmente sobre banco de pruebas con un dinam\u00f3metro para asegurar su calidad absoluta.<\/p>\n<ul>\n<li>Transmisiones y diferenciales de varios modelos de clase 3 a 8.<\/li>\n<\/ul>\n<ul>\n<li>Transmisiones autom\u00e1ticas y manuales de 8 a 20 velocidades.<\/li>\n<\/ul>\n<ul>\n<li>Diferenciales <em>heavy<\/em> o <em>light duty<\/em> de todos los ratios.<\/li>\n<\/ul>\n<h2>Caja de servodirecci\u00f3n<\/h2>\n<p>Una multitud de cajas de servodirecci\u00f3n totalmente reacondicionadas seg\u00fan <strong>un proceso de tecnolog\u00eda avanzada <\/strong>han sido sometidas a un examen de control de la calidad en el marco de una simulaci\u00f3n de uso en un veh\u00edculo pesado.<\/p>\n<p>TERRACAM le ofrece bombas y cajas de servodirecci\u00f3n de todas las marcas reconocidas (Ross, Saginaw, Sheppard, Vickers Pumps, ZF,\u00a0 Eaton, Luk) conservadas juiciosamente en stock, listas para ser exportadas seg\u00fan las necesidades del caso.<\/p>\n<p>\t\t\t\t<img data-recalc-dims=\"1\" height=\"576\" width=\"1024\" decoding=\"async\" src=\"https:\/\/i0.wp.com\/terracam.ca\/wp-content\/uploads\/Capture3-4.jpg?resize=1024%2C576&#038;quality=89&#038;ssl=1\" alt=\"capture3\" itemprop=\"image\"  \/><\/p>\n","protected":false},"excerpt":{"rendered":"<p>Componentes del grupo motopropulsor refabricados TERRACAM goza de la pericia de un equipo experto en el reacondicionamiento de componentes del sistema de propulsi\u00f3n de un cami\u00f3n.\u00a0 Nuestros procesos de trabajo y procedimientos rigurosos de control de la calidad nos permiten ofrecer un vasto inventario de motores, transmisiones, diferenciales y cajas de servodirecci\u00f3n reacondicionados y de&hellip;<\/p>\n","protected":false},"author":1,"featured_media":0,"parent":0,"menu_order":0,"comment_status":"closed","ping_status":"closed","template":"","meta":{"advanced_seo_description":"","jetpack_seo_html_title":"","jetpack_seo_noindex":false,"footnotes":""},"class_list":["post-628","page","type-page","status-publish","hentry"],"jetpack_sharing_enabled":true,"_links":{"self":[{"href":"https:\/\/terracam.ca\/es\/wp-json\/wp\/v2\/pages\/628","targetHints":{"allow":["GET"]}}],"collection":[{"href":"https:\/\/terracam.ca\/es\/wp-json\/wp\/v2\/pages"}],"about":[{"href":"https:\/\/terracam.ca\/es\/wp-json\/wp\/v2\/types\/page"}],"author":[{"embeddable":true,"href":"https:\/\/terracam.ca\/es\/wp-json\/wp\/v2\/users\/1"}],"replies":[{"embeddable":true,"href":"https:\/\/terracam.ca\/es\/wp-json\/wp\/v2\/comments?post=628"}],"version-history":[{"count":3,"href":"https:\/\/terracam.ca\/es\/wp-json\/wp\/v2\/pages\/628\/revisions"}],"predecessor-version":[{"id":1333,"href":"https:\/\/terracam.ca\/es\/wp-json\/wp\/v2\/pages\/628\/revisions\/1333"}],"wp:attachment":[{"href":"https:\/\/terracam.ca\/es\/wp-json\/wp\/v2\/media?parent=628"}],"curies":[{"name":"wp","href":"https:\/\/api.w.org\/{rel}","templated":true}]}}