{"id":630,"date":"2016-09-09T13:49:31","date_gmt":"2016-09-09T17:49:31","guid":{"rendered":"https:\/\/terracam.ca\/es\/?page_id=630"},"modified":"2016-09-28T23:45:16","modified_gmt":"2016-09-29T03:45:16","slug":"maquinaria-para-talleres","status":"publish","type":"page","link":"https:\/\/terracam.ca\/es\/maquinaria-para-talleres\/","title":{"rendered":"Maquinaria para talleres"},"content":{"rendered":"<p><strong>No deje de consultar la informaci\u00f3n sobre la maquinaria para talleres que estar\u00e1 disponible pr\u00f3ximamente<\/strong><\/p>\n","protected":false},"excerpt":{"rendered":"<p>No deje de consultar la informaci\u00f3n sobre la maquinaria para talleres que estar\u00e1 disponible pr\u00f3ximamente<\/p>\n","protected":false},"author":1,"featured_media":0,"parent":0,"menu_order":0,"comment_status":"closed","ping_status":"closed","template":"","meta":{"advanced_seo_description":"","jetpack_seo_html_title":"","jetpack_seo_noindex":false,"footnotes":""},"class_list":["post-630","page","type-page","status-publish","hentry"],"jetpack_sharing_enabled":true,"_links":{"self":[{"href":"https:\/\/terracam.ca\/es\/wp-json\/wp\/v2\/pages\/630","targetHints":{"allow":["GET"]}}],"collection":[{"href":"https:\/\/terracam.ca\/es\/wp-json\/wp\/v2\/pages"}],"about":[{"href":"https:\/\/terracam.ca\/es\/wp-json\/wp\/v2\/types\/page"}],"author":[{"embeddable":true,"href":"https:\/\/terracam.ca\/es\/wp-json\/wp\/v2\/users\/1"}],"replies":[{"embeddable":true,"href":"https:\/\/terracam.ca\/es\/wp-json\/wp\/v2\/comments?post=630"}],"version-history":[{"count":2,"href":"https:\/\/terracam.ca\/es\/wp-json\/wp\/v2\/pages\/630\/revisions"}],"predecessor-version":[{"id":1337,"href":"https:\/\/terracam.ca\/es\/wp-json\/wp\/v2\/pages\/630\/revisions\/1337"}],"wp:attachment":[{"href":"https:\/\/terracam.ca\/es\/wp-json\/wp\/v2\/media?parent=630"}],"curies":[{"name":"wp","href":"https:\/\/api.w.org\/{rel}","templated":true}]}}