{"id":632,"date":"2016-09-09T13:50:08","date_gmt":"2016-09-09T17:50:08","guid":{"rendered":"https:\/\/terracam.ca\/es\/?page_id=632"},"modified":"2016-09-28T18:03:02","modified_gmt":"2016-09-28T22:03:02","slug":"utillaje-para-mecanicos","status":"publish","type":"page","link":"https:\/\/terracam.ca\/es\/utillaje-para-mecanicos\/","title":{"rendered":"Utillaje para mec\u00e1nicos"},"content":{"rendered":"<h2>Herramientas manuales, equipos de diagn\u00f3stico y soluciones de almacenamiento<\/h2>\n<p>Conjuntamente con fabricantes de primer plano, TERRACAM le ofrece a su clientela <strong>una gama completa de herramientas y equipos para mec\u00e1nicos profesionales<\/strong> especializados en veh\u00edculos pesados.\u00a0 Nuestra lista de productos incluye una variedad de <strong>herramientas manuales<\/strong>, <strong>equipos de diagn\u00f3stico<\/strong> y <strong>soluciones de almacenamiento<\/strong> para talleres especializados.<\/p>\n<p>Siempre atentos a nuevas tecnolog\u00edas, nuestros especialistas en utillaje, junto con nuestros proveedores, se encargan de agregar nuevas herramientas a nuestra lista de productos para as\u00ed <strong>simplificarle la tarea a los talleres mec\u00e1nicos con una ventanilla \u00fanica<\/strong> <strong>para abastecerse<\/strong> seg\u00fan sus necesidades.<\/p>\n<p>\t\t\t\t<img data-recalc-dims=\"1\" decoding=\"async\" src=\"https:\/\/i0.wp.com\/terracam.ca\/wp-content\/uploads\/Capture1-4.jpg?quality=89&#038;ssl=1\" alt=\"capture1\" itemprop=\"image\"  \/><br \/>\n\t\t\t\t<img data-recalc-dims=\"1\" decoding=\"async\" src=\"https:\/\/i0.wp.com\/terracam.ca\/wp-content\/uploads\/Capture2-4.jpg?quality=89&#038;ssl=1\" alt=\"capture2\" itemprop=\"image\"  \/><\/p>\n<h2>Herramientas de calidad que cuentan con la m\u00e1s reciente tecnolog\u00eda<\/h2>\n<p>Con sus diversos talleres mec\u00e1nicos de envergadura especializados en veh\u00edculos pesados, el equipo de <strong>TERRACAM est\u00e1 capacitado para entender perfectamente el utillaje que usted necesita<\/strong> para efectuar con eficiencia la reparaci\u00f3n de su flota de camiones o de todo otro tipo de veh\u00edculo pesado (remolques, autobuses, maquinaria pesada).\u00a0 Igualmente, nos aseguramos de ofrecerle a nuestra clientela <strong>una lista exhaustiva de herramientas de calidad que cuentan con la m\u00e1s reciente tecnolog\u00eda<\/strong>, a precios sumamente competitivos.<\/p>\n<p>Adem\u00e1s, nuestros servicios de asesor\u00eda contribuyen a <strong>maximizar la eficiencia operacional de los talleres y centros de servicios de nuestros clientes<\/strong> alrededor del mundo.\u00a0 Junto con su equipo t\u00e9cnico, TERRACAM ha desarrollado una pericia de vanguardia en el establecimiento y el soporte de centros de servicios.\u00a0 El equipo de TERRACAM puede ser un valioso soporte para una empresa deseosa de instalar un nuevo centro de servicios para efectuar la mantenci\u00f3n de su flota de veh\u00edculos.<\/p>\n<p>De este modo, usted puedo contar con el equipo de TERRACAM para <strong>proporcionarle el utillaje y el soporte que su centro de servicios necesita<\/strong> para intervenir en sus veh\u00edculos pesados con una m\u00e1xima eficacia y seguridad para que estos puedan retomar la ruta lo antes posible, como se debe.<\/p>\n<p>\t\t\t\t<img data-recalc-dims=\"1\" decoding=\"async\" src=\"https:\/\/i0.wp.com\/terracam.ca\/wp-content\/uploads\/Capture-5.jpg?quality=89&#038;ssl=1\" alt=\"capture\" itemprop=\"image\"  \/><br \/>\n\t\t\t\t<img data-recalc-dims=\"1\" decoding=\"async\" src=\"https:\/\/i0.wp.com\/terracam.ca\/wp-content\/uploads\/Capture3-5.jpg?quality=89&#038;ssl=1\" alt=\"capture3\" itemprop=\"image\"  \/><br \/>\n\t\t\t\t<img data-recalc-dims=\"1\" decoding=\"async\" src=\"https:\/\/i0.wp.com\/terracam.ca\/wp-content\/uploads\/Capture5-4.jpg?quality=89&#038;ssl=1\" alt=\"capture5\" itemprop=\"image\"  \/><\/p>\n","protected":false},"excerpt":{"rendered":"<p>Herramientas manuales, equipos de diagn\u00f3stico y soluciones de almacenamiento Conjuntamente con fabricantes de primer plano, TERRACAM le ofrece a su clientela una gama completa de herramientas y equipos para mec\u00e1nicos profesionales especializados en veh\u00edculos pesados.\u00a0 Nuestra lista de productos incluye una variedad de herramientas manuales, equipos de diagn\u00f3stico y soluciones de almacenamiento para talleres especializados.&hellip;<\/p>\n","protected":false},"author":1,"featured_media":0,"parent":0,"menu_order":0,"comment_status":"closed","ping_status":"closed","template":"","meta":{"advanced_seo_description":"","jetpack_seo_html_title":"","jetpack_seo_noindex":false,"footnotes":""},"class_list":["post-632","page","type-page","status-publish","hentry"],"jetpack_sharing_enabled":true,"_links":{"self":[{"href":"https:\/\/terracam.ca\/es\/wp-json\/wp\/v2\/pages\/632","targetHints":{"allow":["GET"]}}],"collection":[{"href":"https:\/\/terracam.ca\/es\/wp-json\/wp\/v2\/pages"}],"about":[{"href":"https:\/\/terracam.ca\/es\/wp-json\/wp\/v2\/types\/page"}],"author":[{"embeddable":true,"href":"https:\/\/terracam.ca\/es\/wp-json\/wp\/v2\/users\/1"}],"replies":[{"embeddable":true,"href":"https:\/\/terracam.ca\/es\/wp-json\/wp\/v2\/comments?post=632"}],"version-history":[{"count":4,"href":"https:\/\/terracam.ca\/es\/wp-json\/wp\/v2\/pages\/632\/revisions"}],"predecessor-version":[{"id":1325,"href":"https:\/\/terracam.ca\/es\/wp-json\/wp\/v2\/pages\/632\/revisions\/1325"}],"wp:attachment":[{"href":"https:\/\/terracam.ca\/es\/wp-json\/wp\/v2\/media?parent=632"}],"curies":[{"name":"wp","href":"https:\/\/api.w.org\/{rel}","templated":true}]}}