{"id":646,"date":"2016-09-09T13:56:35","date_gmt":"2016-09-09T17:56:35","guid":{"rendered":"https:\/\/terracam.ca\/es\/?page_id=646"},"modified":"2016-09-28T18:05:02","modified_gmt":"2016-09-28T22:05:02","slug":"servicio-de-capacitacion","status":"publish","type":"page","link":"https:\/\/terracam.ca\/es\/servicio-de-capacitacion\/","title":{"rendered":"Servicio de capacitaci\u00f3n"},"content":{"rendered":"<h2>Servicios de capacitaci\u00f3n en mec\u00e1nica de veh\u00edculos pesados<\/h2>\n<p>TERRACAM cuenta con cerca de 400 especialistas apasionados para sostener sus actividades internacionales de venta de veh\u00edculos pesados y piezas de alta calidad.\u00a0 Son equipo ofrece <strong>servicios t\u00e9cnicos profesionales y servicios de capacitaci\u00f3n en mec\u00e1nica de veh\u00edculos pesados<\/strong> seg\u00fan altos est\u00e1ndares de calidad, el todo con integridad, rigor y una gran preocupaci\u00f3n por la satisfacci\u00f3n de la clientela.<\/p>\n<p>En constante crecimiento y <strong>continuamente atento a nuevas tecnolog\u00edas<\/strong>, el equipo de TERRACAM considera con entusiasmo la posibilidad de extender sus actividades alrededor el mundo ofreci\u00e9ndole sus servicios a diferentes pa\u00edses con el fin de apoyar la industria del transporte a nivel local, la cual representa un aspecto sumamente importante del desarrollo econ\u00f3mico de una regi\u00f3n.<\/p>\n<h2>Favorecer el empleo local<\/h2>\n<p>Al implantarse en un pa\u00eds, con el consentimiento de sus dirigentes, TERRACAM favorece el empleo local y hace que sus empleados beneficien de <strong>una capacitaci\u00f3n tecnol\u00f3gica altamente especializada<\/strong>, lo que los transforma eventualmente en expertos locales en este \u00e1mbito.\u00a0 La direcci\u00f3n de TERRACAM tiene como objetivo <strong>sostener el desarrollo econ\u00f3mico de los pa\u00edses socios participando<\/strong> en ellos con dinamismo por medio de sus servicios comerciales en la industria de los veh\u00edculos pesados.<\/p>\n<h2>Un crecimiento en el plano internacional<\/h2>\n<p>La empresa desea <strong>seguir su crecimiento en el plano internacional implant\u00e1ndose en diferentes pa\u00edses<\/strong> como lo ha hecho en Cuba desde hace ya 25 a\u00f1os, sobre la base de una relaci\u00f3n comercial de lo m\u00e1s s\u00f3lida. \u00a0Con su sucursal bien establecida en La Habana desde el a\u00f1o 2000, TERRACAM ve con un optimismo enorme la progresi\u00f3n de esta asociaci\u00f3n evolutiva que le permite abrirse al mundo.<\/p>\n<h2>Un soporte t\u00e9cnico personalizado<\/h2>\n<p>Nuestro equipo multidisciplinario est\u00e1 <strong>implicado en la capacitaci\u00f3n profesional desde hace m\u00e1s de 20 a\u00f1os<\/strong>.\u00a0 Este colabora en particular con varios centros de formaci\u00f3n profesional desde hace numerosos a\u00f1os.<\/p>\n<p>Les expertos del Groupe LUSSIER le ofrecen un soporte t\u00e9cnico personalizado a los responsables de los programas de capacitaci\u00f3n y a los instructores, adem\u00e1s de darles acceso a una gama completa de productos y servicios.<\/p>\n<p>\t\t\t\t<img data-recalc-dims=\"1\" decoding=\"async\" src=\"https:\/\/i0.wp.com\/terracam.ca\/wp-content\/uploads\/Capture22-2.gif?ssl=1\" alt=\"Capture22\" itemprop=\"image\"  \/><br \/>\n\t\t\t\t<img data-recalc-dims=\"1\" decoding=\"async\" src=\"https:\/\/i0.wp.com\/terracam.ca\/wp-content\/uploads\/Capture25.gif?ssl=1\" alt=\"Capture25\" itemprop=\"image\"  \/><br \/>\n\t\t\t\t<img data-recalc-dims=\"1\" decoding=\"async\" src=\"https:\/\/i0.wp.com\/terracam.ca\/wp-content\/uploads\/Capture27.gif?ssl=1\" alt=\"Capture27\" itemprop=\"image\"  \/><br \/>\n\t\t\t\t<img data-recalc-dims=\"1\" decoding=\"async\" src=\"https:\/\/i0.wp.com\/terracam.ca\/wp-content\/uploads\/Capture28.gif?ssl=1\" alt=\"Capture28\" itemprop=\"image\"  \/><\/p>\n<ul>\n<li>Se monta espec\u00edficamente una multitud de piezas, equipos y bancos de ensayo did\u00e1cticos de todas las marcas y modelos para la capacitaci\u00f3n, seg\u00fan las necesidades.<\/li>\n<\/ul>\n<ul>\n<li>Conjuntos de motores\/transmisiones integrales o cortados.<\/li>\n<\/ul>\n<ul>\n<li>Bancos de pruebas de sistemas de frenos en modelos reducidos, con simulador de problemas.<\/li>\n<\/ul>\n<p>&nbsp;<\/p>\n<ul>\n<li>Montajes de equipos especializados para la capacitaci\u00f3n en hidr\u00e1ulica y electrohidr\u00e1ulica.<\/li>\n<\/ul>\n<ul>\n<li>Transmisiones, cajas de embrague y cajas de servodirecci\u00f3n integrales o cortadas.<\/li>\n<\/ul>\n<ul>\n<li>Una gama completa de veh\u00edculos pesados y de remolques de todos tipos, ya sean nuevos, usados, fuera de servicio o accidentados (montajes especiales seg\u00fan las especificaciones del programa de capacitaci\u00f3n).<\/li>\n<\/ul>\n<ul>\n<li>Motores di\u00e9sel montados sobre un banco de pruebas con puesto de arranque y simulador de problemas integrado.<\/li>\n<\/ul>\n<ul>\n<li>Cabinas de cami\u00f3n nuevas, recicladas o accidentadas, completas o modificadas seg\u00fan las especificaciones del programa de capacitaci\u00f3n.<\/li>\n<\/ul>\n<ul>\n<li>Soporte t\u00e9cnico, apoyo de los aprendices y maestros mec\u00e1nicos expertos que act\u00faan como docentes.<\/li>\n<\/ul>\n<p>Nuestro objetivo consiste en <strong>responder de manera precisa a las exigencias, las especificaciones t\u00e9cnicas y las normas de seguridad relacionadas con todas las situaciones de aprendizaje<\/strong> en el marco de programas de capacitaci\u00f3n espec\u00edficos, desarrollados por los especialistas de TERRACAM o por los responsables de centros de formaci\u00f3n profesional.<\/p>\n<p>\t\t\t\t<img data-recalc-dims=\"1\" decoding=\"async\" src=\"https:\/\/i0.wp.com\/terracam.ca\/wp-content\/uploads\/Capture29.gif?ssl=1\" alt=\"Capture29\" itemprop=\"image\"  \/><br \/>\n\t\t\t\t<img data-recalc-dims=\"1\" decoding=\"async\" src=\"https:\/\/i0.wp.com\/terracam.ca\/wp-content\/uploads\/test2.gif?ssl=1\" alt=\"test2\" itemprop=\"image\"  \/><br \/>\n\t\t\t\t<img data-recalc-dims=\"1\" decoding=\"async\" src=\"https:\/\/i0.wp.com\/terracam.ca\/wp-content\/uploads\/Capture24.gif?ssl=1\" alt=\"Capture24\" itemprop=\"image\"  \/><\/p>\n","protected":false},"excerpt":{"rendered":"<p>Servicios de capacitaci\u00f3n en mec\u00e1nica de veh\u00edculos pesados TERRACAM cuenta con cerca de 400 especialistas apasionados para sostener sus actividades internacionales de venta de veh\u00edculos pesados y piezas de alta calidad.\u00a0 Son equipo ofrece servicios t\u00e9cnicos profesionales y servicios de capacitaci\u00f3n en mec\u00e1nica de veh\u00edculos pesados seg\u00fan altos est\u00e1ndares de calidad, el todo con integridad,&hellip;<\/p>\n","protected":false},"author":1,"featured_media":0,"parent":0,"menu_order":0,"comment_status":"closed","ping_status":"closed","template":"","meta":{"advanced_seo_description":"","jetpack_seo_html_title":"","jetpack_seo_noindex":false,"footnotes":""},"class_list":["post-646","page","type-page","status-publish","hentry"],"jetpack_sharing_enabled":true,"_links":{"self":[{"href":"https:\/\/terracam.ca\/es\/wp-json\/wp\/v2\/pages\/646","targetHints":{"allow":["GET"]}}],"collection":[{"href":"https:\/\/terracam.ca\/es\/wp-json\/wp\/v2\/pages"}],"about":[{"href":"https:\/\/terracam.ca\/es\/wp-json\/wp\/v2\/types\/page"}],"author":[{"embeddable":true,"href":"https:\/\/terracam.ca\/es\/wp-json\/wp\/v2\/users\/1"}],"replies":[{"embeddable":true,"href":"https:\/\/terracam.ca\/es\/wp-json\/wp\/v2\/comments?post=646"}],"version-history":[{"count":3,"href":"https:\/\/terracam.ca\/es\/wp-json\/wp\/v2\/pages\/646\/revisions"}],"predecessor-version":[{"id":1316,"href":"https:\/\/terracam.ca\/es\/wp-json\/wp\/v2\/pages\/646\/revisions\/1316"}],"wp:attachment":[{"href":"https:\/\/terracam.ca\/es\/wp-json\/wp\/v2\/media?parent=646"}],"curies":[{"name":"wp","href":"https:\/\/api.w.org\/{rel}","templated":true}]}}