{"id":789,"date":"2016-09-13T11:07:51","date_gmt":"2016-09-13T15:07:51","guid":{"rendered":"https:\/\/terracam.ca\/es\/?page_id=789"},"modified":"2016-09-29T00:32:18","modified_gmt":"2016-09-29T04:32:18","slug":"vehiculos-pesados","status":"publish","type":"page","link":"https:\/\/terracam.ca\/es\/vehiculos-pesados\/","title":{"rendered":"Veh\u00edculos pesados"},"content":{"rendered":"<p>\t\t\t\t<img data-recalc-dims=\"1\" decoding=\"async\" src=\"https:\/\/i0.wp.com\/terracam.ca\/wp-content\/uploads\/Capture2-1.jpg?quality=89&#038;ssl=1\" alt=\"capture2\" itemprop=\"image\"  \/><br \/>\n\t\t\t\t<img data-recalc-dims=\"1\" decoding=\"async\" src=\"https:\/\/i0.wp.com\/terracam.ca\/wp-content\/uploads\/Capture1-6.jpg?quality=89&#038;ssl=1\" alt=\"capture1\" itemprop=\"image\"  \/><br \/>\n\t\t\t\t<img data-recalc-dims=\"1\" decoding=\"async\" src=\"https:\/\/i0.wp.com\/terracam.ca\/wp-content\/uploads\/CaptureA-1.jpg?quality=89&#038;ssl=1\" alt=\"capturea\" itemprop=\"image\"  \/><\/p>\n<h2>Expertos reconocidos enfocados en las nuevas tecnolog\u00edas<\/h2>\n<p>Cabe destacar que nuestro equipo de maestros mec\u00e1nicos colabora estrechamente con varios centros de formaci\u00f3n profesional especializados en mec\u00e1nica para pesos pesados, conceptualizando bancos de ensayo did\u00e1cticos, ofreci\u00e9ndoles un soporte t\u00e9cnico en el marco de sus actividades de capacitaci\u00f3n y supervisando regularmente a los aprendices.\u00a0 Tenga en cuenta tambi\u00e9n que el equipo de TERRACAM posee todos los recursos y productos necesarios para ofrecerle un soporte profesional completo a sus centros de servicio para as\u00ed maximizar su eficiencia.<\/p>\n<p>El equipo de TERRACAM se destaca por su eficiencia, velocidad de ejecuci\u00f3n y precisi\u00f3n de su trabajo, principalmente en lo que se refiere a su servicio posterior a la venta, pero tambi\u00e9n por la preparaci\u00f3n de los camiones y su transformaci\u00f3n seg\u00fan las necesidades espec\u00edficas de los clientes (reemplazo de la caja, cambio de aplicaci\u00f3n, modificaci\u00f3n del chasis, a\u00f1adidura de equipos y accesorios, etc.).<\/p>\n<p>El proceso de expedici\u00f3n de un veh\u00edculo, de equipos o piezas al extranjero es una de las especialidades de nuestro equipo.\u00a0 Nuestros especialistas se encargan de todas las etapas de exportaci\u00f3n con el fin de que su cami\u00f3n o camiones lleguen intactos a su destino.<\/p>\n<h2>Camiones nuevos de prestigio<\/h2>\n<p>Concesionario bajo franquicia de camiones nuevos de una marca prestigiosa, la empresa se distingue por su vasto surtido de servicios al igual que por la calidad de su servicio posterior a la venta.<\/p>\n<p>En pleno crecimiento desde su creaci\u00f3n en 1997, y con sus cinco puntos de venta en Quebec que incluyen talleres de mec\u00e1nica completos, esta divisi\u00f3n del grupo ofrece principalmente un servicio de instalaci\u00f3n de sistemas de gas natural y un servicio de diagn\u00f3stico ultra eficaz, adem\u00e1s de programas completos de soporte t\u00e9cnico, de capacitaci\u00f3n y de financiamiento.\u00a0 Gracias a ello, el Groupe LUSSIER vende cada a\u00f1o varios centenares de camiones nuevos, espec\u00edficamente de la marca sumamente conocida Peterbilt.<\/p>\n<h2>Camiones usados<\/h2>\n<p>La compra y venta de veh\u00edculos pesados y medianos no tiene ning\u00fan secreto para nuestro equipo de especialistas quienes, adem\u00e1s de sus actividades de exportaci\u00f3n, operan con \u00e9xito puntos de venta sumamente concurridos en Quebec a trav\u00e9s de una de las filiales del grupo.<\/p>\n<p>Con su amplio inventario de camiones usados de calidad, de todas las marcas y modelos, TERRACAM est\u00e1 en condiciones de proporcionarle a su clientela alrededor del mundo veh\u00edculos pesados y medianos usados impecables para todas sus necesidades y para todo tipo de vocaci\u00f3n.\u00a0 Tomando en cuenta sus objetivos presupuestarios y comerciales, le podemos proponer veh\u00edculos casi nuevos u otros un poco m\u00e1s antiguos que han sido ya sea verificados o reacondicionados. \u00a0Una serie de opciones est\u00e1 a disposici\u00f3n de nuestra clientela en diferentes regiones del mundo.<\/p>\n<p>TERRACAM cuenta con m\u00faltiples fuentes de abastecimiento en camiones dentro del Groupe LUSSIER, ya sea mediante los numerosos veh\u00edculos tomados a cambio en el momento de la compra de camiones nuevos, los camiones rentados que han sido devueltos como tambi\u00e9n por medio de nuestra s\u00f3lida red de asociados en la industria del transporte.<\/p>\n<p>Es por ello que TERRACAM puede ofrecerle los veh\u00edculos pesados que usted necesita a un precio verdaderamente ventajoso, que se trate de un s\u00f3lo cami\u00f3n para atender las necesidades particulares de una empresa o de una serie de camiones para fabricantes o para las flotas de empresas de transporte.<\/p>\n<h2>Maquinaria pesada<\/h2>\n<p>TERRACAM est\u00e1 habilitada para proporcionarle a su clientela alrededor del mundo maquinaria pesada apropiada para satisfacer todas sus necesidades cual sea su sector de actividad.\u00a0 \u00a0Gracias a <strong>nuestra amplia red de abastecimiento<\/strong>, le podemos proporcionar la maquinaria pesada norteamericana nueva que usted necesita, ya sea para obras viales, para todos los tipos de obras de construcci\u00f3n, para trabajos de excavaci\u00f3n en general o para cumplir las necesidades de una actividad agr\u00edcola.<\/p>\n","protected":false},"excerpt":{"rendered":"<p>Expertos reconocidos enfocados en las nuevas tecnolog\u00edas Cabe destacar que nuestro equipo de maestros mec\u00e1nicos colabora estrechamente con varios centros de formaci\u00f3n profesional especializados en mec\u00e1nica para pesos pesados, conceptualizando bancos de ensayo did\u00e1cticos, ofreci\u00e9ndoles un soporte t\u00e9cnico en el marco de sus actividades de capacitaci\u00f3n y supervisando regularmente a los aprendices.\u00a0 Tenga en cuenta&hellip;<\/p>\n","protected":false},"author":1,"featured_media":0,"parent":0,"menu_order":0,"comment_status":"closed","ping_status":"closed","template":"","meta":{"advanced_seo_description":"","jetpack_seo_html_title":"","jetpack_seo_noindex":false,"footnotes":""},"class_list":["post-789","page","type-page","status-publish","hentry"],"jetpack_sharing_enabled":true,"_links":{"self":[{"href":"https:\/\/terracam.ca\/es\/wp-json\/wp\/v2\/pages\/789","targetHints":{"allow":["GET"]}}],"collection":[{"href":"https:\/\/terracam.ca\/es\/wp-json\/wp\/v2\/pages"}],"about":[{"href":"https:\/\/terracam.ca\/es\/wp-json\/wp\/v2\/types\/page"}],"author":[{"embeddable":true,"href":"https:\/\/terracam.ca\/es\/wp-json\/wp\/v2\/users\/1"}],"replies":[{"embeddable":true,"href":"https:\/\/terracam.ca\/es\/wp-json\/wp\/v2\/comments?post=789"}],"version-history":[{"count":3,"href":"https:\/\/terracam.ca\/es\/wp-json\/wp\/v2\/pages\/789\/revisions"}],"predecessor-version":[{"id":1349,"href":"https:\/\/terracam.ca\/es\/wp-json\/wp\/v2\/pages\/789\/revisions\/1349"}],"wp:attachment":[{"href":"https:\/\/terracam.ca\/es\/wp-json\/wp\/v2\/media?parent=789"}],"curies":[{"name":"wp","href":"https:\/\/api.w.org\/{rel}","templated":true}]}}