{"id":815,"date":"2016-09-13T15:19:41","date_gmt":"2016-09-13T19:19:41","guid":{"rendered":"https:\/\/terracam.ca\/es\/?page_id=815"},"modified":"2016-09-29T01:30:01","modified_gmt":"2016-09-29T05:30:01","slug":"autobuses","status":"publish","type":"page","link":"https:\/\/terracam.ca\/es\/autobuses\/","title":{"rendered":"AUTOBUSES"},"content":{"rendered":"<p>\t\t\t\t<img data-recalc-dims=\"1\" decoding=\"async\" src=\"https:\/\/i0.wp.com\/terracam.ca\/wp-content\/uploads\/2014-D4005-D4505-Spec-Sheet-1.gif?ssl=1\" alt=\"2014-d4005-d4505-spec-sheet-1\" itemprop=\"image\"  \/><br \/>\n\t\t\t\t<img data-recalc-dims=\"1\" decoding=\"async\" src=\"https:\/\/i0.wp.com\/terracam.ca\/wp-content\/uploads\/J4500-Ftr-15.gif?ssl=1\" alt=\"j4500-ftr-15\" itemprop=\"image\"  \/><br \/>\n\t\t\t\t<img data-recalc-dims=\"1\" decoding=\"async\" src=\"https:\/\/i0.wp.com\/terracam.ca\/wp-content\/uploads\/Capture-3.jpg?quality=89&#038;ssl=1\" alt=\"capture\" itemprop=\"image\"  \/><\/p>\n<h2><strong>Autobuses tur\u00edsticos y regional<\/strong><\/h2>\n<p>TERRACAM le propone <strong>una gama de autobuses tur\u00edsticos de muy alto calibre y de una fiabilidad legendaria<\/strong> gracias a su asociaci\u00f3n con un l\u00edder en el sector del transporte p\u00fablico tanto regional como tur\u00edstico.\u00a0 De acuerdo a sus objetivos comerciales, la empresa le propone dos soluciones, ya sea la adquisici\u00f3n de un veh\u00edculo totalmente nuevo o la de un veh\u00edculo renovado por completo o en parte seg\u00fan sus necesidades.<\/p>\n<p><strong>Innovaci\u00f3n, dise\u00f1o, valor y econom\u00eda<\/strong><\/p>\n<p>Los autobuses propuestos han sido dise\u00f1ados <strong>para maximizar su productividad, su eficiencia, su confort y la seguridad <\/strong>relacionada con su uso.\u00a0 Beneficiando de un valor de reventa y de una vida \u00fatil de muy superior al promedio a ra\u00edz de la calidad de su construcci\u00f3n, ellos exhiben <strong>un consumo de combustible y costos de mantenimiento netamente inferiores<\/strong> a los de otros veh\u00edculos de la misma categor\u00eda.<\/p>\n<h2>Autobuses escolares<\/h2>\n<p>Gracias a una asociaci\u00f3n ganadora con un fabricante quebequense innovador de primer plano en la industria, TERRACAM tiene el orgullo de ofrecerle <strong>una gama de autobuses escolares de alta calidad<\/strong>.<\/p>\n<p>Hechos con materiales que han probado su \u00e9xito en la industria del transporte, estos autobuses han sido <strong>dise\u00f1ados para durar mucho tiempo<\/strong> con un m\u00ednimo de mantenci\u00f3n.\u00a0 Ofreciendo varias caracter\u00edsticas para <strong>maximizar la seguridad<\/strong>, principalmente un parabrisas m\u00e1s ancho para mayor visibilidad, arcos de acero galvanizado de una sola pieza reforzada, un chasis construido a la medida que permite una integraci\u00f3n perfecta del furg\u00f3n al chasis, ofreciendo as\u00ed mayor espacio para la entrada de los pasajeros, y un pasillo y asientos m\u00e1s anchos, estos veh\u00edculos se destacan por su calidad y sus <strong>ventajas competitivas notables<\/strong>.<\/p>\n<p><strong>Piezas de repuesto y un soporte t\u00e9cnico eficiente<\/strong><\/p>\n<p>Por otra parte, poco importa el pa\u00eds, usted podr\u00e1 contar en todo momento con TERRACAM para obtener piezas de repuesto nuevas y componentes reacondicionados, al igual que un soporte t\u00e9cnico y un servicio posterior a la venta de lo m\u00e1s eficientes.<\/p>\n","protected":false},"excerpt":{"rendered":"<p>Autobuses tur\u00edsticos y regional TERRACAM le propone una gama de autobuses tur\u00edsticos de muy alto calibre y de una fiabilidad legendaria gracias a su asociaci\u00f3n con un l\u00edder en el sector del transporte p\u00fablico tanto regional como tur\u00edstico.\u00a0 De acuerdo a sus objetivos comerciales, la empresa le propone dos soluciones, ya sea la adquisici\u00f3n de&hellip;<\/p>\n","protected":false},"author":1,"featured_media":0,"parent":0,"menu_order":0,"comment_status":"closed","ping_status":"closed","template":"","meta":{"advanced_seo_description":"","jetpack_seo_html_title":"","jetpack_seo_noindex":false,"footnotes":""},"class_list":["post-815","page","type-page","status-publish","hentry"],"jetpack_sharing_enabled":true,"_links":{"self":[{"href":"https:\/\/terracam.ca\/es\/wp-json\/wp\/v2\/pages\/815","targetHints":{"allow":["GET"]}}],"collection":[{"href":"https:\/\/terracam.ca\/es\/wp-json\/wp\/v2\/pages"}],"about":[{"href":"https:\/\/terracam.ca\/es\/wp-json\/wp\/v2\/types\/page"}],"author":[{"embeddable":true,"href":"https:\/\/terracam.ca\/es\/wp-json\/wp\/v2\/users\/1"}],"replies":[{"embeddable":true,"href":"https:\/\/terracam.ca\/es\/wp-json\/wp\/v2\/comments?post=815"}],"version-history":[{"count":3,"href":"https:\/\/terracam.ca\/es\/wp-json\/wp\/v2\/pages\/815\/revisions"}],"predecessor-version":[{"id":1359,"href":"https:\/\/terracam.ca\/es\/wp-json\/wp\/v2\/pages\/815\/revisions\/1359"}],"wp:attachment":[{"href":"https:\/\/terracam.ca\/es\/wp-json\/wp\/v2\/media?parent=815"}],"curies":[{"name":"wp","href":"https:\/\/api.w.org\/{rel}","templated":true}]}}